{"id":1973,"date":"2025-11-25T16:45:31","date_gmt":"2025-11-25T15:45:31","guid":{"rendered":"https:\/\/bbtectools.com\/p\/diamond-raptor-uitbreidingset-premium\/"},"modified":"2026-04-03T10:03:55","modified_gmt":"2026-04-03T08:03:55","slug":"diamond-raptor-uitbreidingset-premium","status":"publish","type":"product","link":"https:\/\/bbtectools.com\/nl\/p\/diamond-raptor-uitbreidingset-premium\/","title":{"rendered":"DIAMOND\u00b3 RAPTOR Uitbreidingset Premium"},"content":{"rendered":"<h3>Compleet met:<\/h3>\n<ul>\n<li>twee verstelbare dwarsprofielen met een lengte van 120 cm<\/li>\n<li>twee verstelbare dubbelnops vacuum tegeldragers<\/li>\n<li>twee uitklapbare tegelsteunen<\/li>\n<li>twee aluminium scharnierpoten<\/li>\n<li>twee wielensets<\/li>\n<\/ul>\n","protected":false},"excerpt":{"rendered":"<p>Met de uitbreiding van het Raptor handlingsysteem met de Extension Kit ontstaat er een Handling-, Transport- en Installatiesysteem-in-\u00e9\u00e9n. Eenmaal ge\u00efnstalleerd kun je de XXL grootformaat tegel eenvoudig uit de verpakking tillen, transporteren, de achterzijde van de tegel verlijmen (buttering\/floating) en uiteindelijk installeren. Met deze optie is er dus geen separate transportkar meer nodig.<\/p>\n","protected":false},"featured_media":1974,"template":"","meta":{"_acf_changed":false},"product_brand":[169],"product_cat":[94,105,90],"product_tag":[],"class_list":{"0":"post-1973","1":"product","2":"type-product","3":"status-publish","4":"has-post-thumbnail","6":"product_brand-diamond3","7":"product_cat-tegels-snijden","8":"product_cat-tegelsnijsystemen","9":"product_cat-zagen-slijpen","10":"product_shipping_class-voorraad","12":"first","13":"onbackorder","14":"taxable","15":"shipping-taxable","16":"purchasable","17":"product-type-simple"},"acf":[],"_links":{"self":[{"href":"https:\/\/bbtectools.com\/nl\/wp-json\/wp\/v2\/product\/1973","targetHints":{"allow":["GET"]}}],"collection":[{"href":"https:\/\/bbtectools.com\/nl\/wp-json\/wp\/v2\/product"}],"about":[{"href":"https:\/\/bbtectools.com\/nl\/wp-json\/wp\/v2\/types\/product"}],"wp:featuredmedia":[{"embeddable":true,"href":"https:\/\/bbtectools.com\/nl\/wp-json\/wp\/v2\/media\/1974"}],"wp:attachment":[{"href":"https:\/\/bbtectools.com\/nl\/wp-json\/wp\/v2\/media?parent=1973"}],"wp:term":[{"taxonomy":"product_brand","embeddable":true,"href":"https:\/\/bbtectools.com\/nl\/wp-json\/wp\/v2\/product_brand?post=1973"},{"taxonomy":"product_cat","embeddable":true,"href":"https:\/\/bbtectools.com\/nl\/wp-json\/wp\/v2\/product_cat?post=1973"},{"taxonomy":"product_tag","embeddable":true,"href":"https:\/\/bbtectools.com\/nl\/wp-json\/wp\/v2\/product_tag?post=1973"}],"curies":[{"name":"wp","href":"https:\/\/api.w.org\/{rel}","templated":true}]}}