{"id":5699,"date":"2026-01-15T10:17:18","date_gmt":"2026-01-15T09:17:18","guid":{"rendered":"https:\/\/bbtectools.com\/nl\/p\/udga-68\/"},"modified":"2026-04-08T11:40:23","modified_gmt":"2026-04-08T09:40:23","slug":"udga-68","status":"publish","type":"product","link":"https:\/\/bbtectools.com\/de\/p\/udga-68\/","title":{"rendered":"DIAMANT\u00b3 UDGA68"},"content":{"rendered":"","protected":false},"excerpt":{"rendered":"<p>Universeller Fliesenbohradapter mit M14\/22,23 Anschluss f\u00fcr den Einsatz auf Winkelschleifern mit Drehzahlregelung f\u00fcr extrem pr\u00e4zise Bohrl\u00f6cher bis \u00d868 mm in Feinsteinzeug, Sanit\u00e4r, Keramik, Marmor, Granit, etc.<\/p>\n<h3>Merkmale<\/h3>\n<ul>\n<li>Voor standaard haakse slijpers met variabele snelheid.<br \/>\nLet op: bij gebruik van de adapter op een elektrische haakse slijper 230V moet deze altijd van een PRCD schakelaar zijn voorzien. Zie art.nr. 010001<\/li>\n<li>Schnell &amp; Pr\u00e4zise bohren in den h\u00e4rtesten Fliesen<\/li>\n<li>F\u00fcr nassen Gebrauch mit Diamond\u00b3 Premium Fliesenbohrern \u2013 Lebensdauer Fliesenbohrer 300+ L\u00f6cher \u2013 Un\u00fcbertroffene Bohreefizienz<\/li>\n<li>Bohrkapazit\u00e4t: \u00d84 mm \u2013 \u00d868 mm<\/li>\n<li>Abmessungen: 235 x 140 x 50 mm<\/li>\n<li>Gewicht: 1 kg<\/li>\n<\/ul>","protected":false},"featured_media":6075,"comment_status":"closed","ping_status":"closed","template":"","meta":{"_acf_changed":false},"product_brand":[],"product_cat":[68],"product_tag":[],"class_list":{"0":"post-5699","1":"product","2":"type-product","3":"status-publish","4":"has-post-thumbnail","6":"product_cat-tegels_natuursteen","7":"product_shipping_class-voorraad","9":"first","10":"onbackorder","11":"taxable","12":"shipping-taxable","13":"purchasable","14":"product-type-simple"},"acf":[],"_links":{"self":[{"href":"https:\/\/bbtectools.com\/de\/wp-json\/wp\/v2\/product\/5699","targetHints":{"allow":["GET"]}}],"collection":[{"href":"https:\/\/bbtectools.com\/de\/wp-json\/wp\/v2\/product"}],"about":[{"href":"https:\/\/bbtectools.com\/de\/wp-json\/wp\/v2\/types\/product"}],"replies":[{"embeddable":true,"href":"https:\/\/bbtectools.com\/de\/wp-json\/wp\/v2\/comments?post=5699"}],"wp:featuredmedia":[{"embeddable":true,"href":"https:\/\/bbtectools.com\/de\/wp-json\/wp\/v2\/media\/6075"}],"wp:attachment":[{"href":"https:\/\/bbtectools.com\/de\/wp-json\/wp\/v2\/media?parent=5699"}],"wp:term":[{"taxonomy":"product_brand","embeddable":true,"href":"https:\/\/bbtectools.com\/de\/wp-json\/wp\/v2\/product_brand?post=5699"},{"taxonomy":"product_cat","embeddable":true,"href":"https:\/\/bbtectools.com\/de\/wp-json\/wp\/v2\/product_cat?post=5699"},{"taxonomy":"product_tag","embeddable":true,"href":"https:\/\/bbtectools.com\/de\/wp-json\/wp\/v2\/product_tag?post=5699"}],"curies":[{"name":"wp","href":"https:\/\/api.w.org\/{rel}","templated":true}]}}