{"id":5670,"date":"2026-01-15T10:15:19","date_gmt":"2026-01-15T09:15:19","guid":{"rendered":"https:\/\/bbtectools.com\/nl\/p\/60-kn-digitale-trek-test-installatie\/"},"modified":"2026-04-20T10:06:33","modified_gmt":"2026-04-20T08:06:33","slug":"60-kn-digitale-zugpruefanlage","status":"publish","type":"product","link":"https:\/\/bbtectools.com\/de\/p\/60-kn-digitale-trek-test-installatie\/","title":{"rendered":"60kN Digitale Ankerpr\u00fcfger\u00e4t"},"content":{"rendered":"<h2 class=\"wp-block-heading\"><span style=\"color: var(--theme-palette-color-6, #000000)\" class=\"stk-highlight\">60kN Digital Anchor Testger\u00e4t testet schnell und genau Anker<\/span><\/h2>\n\n\n\n<p>Mit dem 60kN Digitalen Ankerpr\u00fcfger\u00e4t ist das pr\u00e4zise Pr\u00fcfen von Ankern eine einfache Aufgabe. Das Pr\u00fcfger\u00e4t ist sehr leicht und l\u00e4sst sich daher auch in horizontaler Position leicht verwenden. Dank der intuitiven App sehr einfach zu bedienen, mit Berichterstattung einschlie\u00dflich Foto- und Videomaterial.&nbsp;<\/p>\n\n\n\n<p>Dieses Ger\u00e4t ist ein hochwertiges Messinstrument, das als komplettes Kit geliefert wird, inklusive einer kostenlosen App zur Steuerung des Instruments und zum Speichern von Berichten. Diese App ist intuitiv und gibt dem Benutzer ein leistungsf\u00e4higes Berichtswerkzeug. Das Ganze wird als komplettes Kit geliefert, das Folgendes enth\u00e4lt:<\/p>\n\n\n\n<div class=\"wp-block-stackable-heading stk-block-heading stk-block-heading--v2 stk-block stk-2d0439e\" id=\"span-style-color-000000-class-stk-highlight-digitale-trekkrachttester-loadcell-tot-60-k-n-span\" data-block-id=\"2d0439e\"><h2 class=\"stk-block-heading__text\"><span style=\"color: #000000\" class=\"stk-highlight\">Digitale Zugkraftpr\u00fcfger\u00e4te \/ Kraftsensor bis 60kN<\/span><\/h2><\/div>\n\n\n\n<p>Das Instrument verf\u00fcgt \u00fcber eine digitale Zugkraft-Kraftmessdose, die durch Anziehen der Anzugsmutter belastet wird. So wird eine lineare Kraft unter Einsatz einer hydraulischen Spindel ausge\u00fcbt. Die Kraft wird manuell mittels eines Ratschenschl\u00fcssels eingeleitet.<\/p>\n\n\n\n<p>Die Messdaten sind auf dem integrierten digitalen Z\u00e4hler ablesbar. Die W\u00e4gezelle hat einen Messbereich bis 60 kN und eine Messgenauigkeit von 1,5% f.s.d.. Die W\u00e4gezelle wird regelm\u00e4\u00dfig gepr\u00fcft und mindestens 1 x pro Jahr kalibriert, um Ihre Messungen so zuverl\u00e4ssig wie m\u00f6glich zu halten.<\/p>\n\n\n\n<p>Die W\u00e4gezelle ist vollst\u00e4ndig gekapselt, um jegliche Leckage zu verhindern. Das Instrument wird von einer wiederaufladbaren Li-Ion-Batterie gespeist.<\/p>\n\n\n\n<div class=\"wp-block-stackable-heading stk-block-heading stk-block-heading--v2 stk-block stk-c799350\" id=\"span-style-color-var-theme-palette-color-6-000000-class-stk-highlight-brug-op-4-poten-span\" data-block-id=\"c799350\"><h2 class=\"stk-block-heading__text\"><span style=\"color: var(--theme-palette-color-6, #000000)\" class=\"stk-highlight\">Tisch auf 4 Beinen<\/span><\/h2><\/div>\n\n\n\n<p>Eines der Merkmale, mit dem sich der Tester auszeichnet, ist die Anzahl der Beine unter der Testbr\u00fccke. Bei den Testern sind dies 4 Beine, um zus\u00e4tzliche Stabilit\u00e4t zu schaffen. Die Basisbr\u00fccke, wie sie standardm\u00e4\u00dfig geliefert wird, hat eine maximale Arbeitsh\u00f6he von 164 mm und eine Spannweite von 127 mm.&nbsp;<\/p>\n\n\n\n<p>F\u00fcr Projekte, bei denen Sie spezielle Anker auf einer Bodenplatte testen m\u00fcssen, stehen spezielle Br\u00fccken mit gr\u00f6\u00dferem Arbeitsbereich zur Verf\u00fcgung. Wir bitten um vorherige Mitteilung, um Stillstand zu vermeiden.<\/p>\n\n\n\n<div class=\"wp-block-stackable-heading stk-block-heading stk-block-heading--v2 stk-block stk-4421513\" id=\"span-style-color-var-theme-palette-color-6-000000-class-stk-highlight-draadeind-m-16-met-aandraaimoer-span\" data-block-id=\"4421513\"><h2 class=\"stk-block-heading__text\"><span style=\"color: var(--theme-palette-color-6, #000000)\" class=\"stk-highlight\">Gewindebolzen M16 mit Anziehmutter<\/span><\/h2><\/div>\n\n\n\n<p>Durch das Geh\u00e4use wird das Gewindestift M16 gesteckt mit an der Oberseite die Anziehmutter. Diese muss w\u00e4hrend Tests die Kraft auf die W\u00e4gezelle aus\u00fcben. Der Wert hiervon wird angezeigt auf dem W\u00e4gezellengeh\u00e4use und der kostenlosen App (siehe unten).<\/p>\n\n\n\n<p>F\u00fcr die Pr\u00fcfung von Augenankern wird standardm\u00e4\u00dfig eine Gabel mit 24 mm Pr\u00fcfraum mitgeliefert.<br>F\u00fcr das Pr\u00fcfen von Gewindeankern wird standardm\u00e4\u00dfig eine Adapterklaue mit Gewindeadaptern bis M20 mitgeliefert. Die Adapterklaue ist magnetisch, wodurch der gew\u00e4hlte Gewindeadapter h\u00e4lt und nicht unn\u00f6tig herunterf\u00e4llt.<br>F\u00fcr das Pr\u00fcfen von beispielsweise Sechskantschrauben werden Schlitzadapter bis einschlie\u00dflich M16 mitgeliefert. Auch diese k\u00f6nnen in den magnetischen Adapter-Greifer geschoben werden, ohne dass diese herausfallen.<\/p>\n\n\n\n<p>Das Ganze wird standardm\u00e4\u00dfig in einem Kunststoffkoffer geliefert, in dem alle Teile enthalten sind, sowie selbstverst\u00e4ndlich eine Anleitung und ein Kalibrierzertifikat.&nbsp;<\/p>\n\n\n\n<div class=\"wp-block-stackable-heading stk-block-heading stk-block-heading--v2 stk-block stk-9abfd6f\" id=\"span-style-color-var-theme-palette-color-6-000000-class-stk-highlight-aansturing-via-de-intuitieve-gratis-app-span\" data-block-id=\"9abfd6f\"><h2 class=\"stk-block-heading__text\"><span style=\"color: var(--theme-palette-color-6, #000000)\" class=\"stk-highlight\">Steuerung \u00fcber die intuitive kostenlose App<\/span><\/h2><\/div>\n\n\n\n<p>Das Ger\u00e4t hat die Kraftanzeige in kN auf dem Pr\u00fcfger\u00e4t selbst und diese wird auch in Echtzeit in der kostenlosen App angezeigt. Diese App kann sowohl f\u00fcr Android als auch f\u00fcr iOS heruntergeladen werden.<\/p>\n\n\n\n<ul class=\"wp-block-list\">\n<li>Die App realisiert eine intuitive Benutzererfahrung, welche das Testen stark vereinfacht.<\/li>\n\n\n\n<li>Auf diese Weise funktioniert die Berichterstattung sehr einfach und schnell.<\/li>\n\n\n\n<li>Das Instrument hat superschnelle zuverl\u00e4ssige Bluetooth-Verbindung mit Ihrem Ger\u00e4t (Android oder iOS).<\/li>\n\n\n\n<li>Live Foto- und Videounterst\u00fctzung w\u00e4hrend der Testdurchf\u00fchrung<\/li>\n\n\n\n<li>Live Diagramm in kN oder Lbf<\/li>\n\n\n\n<li>Die Ausgabe ist ein Bericht mit Uhrzeit, Datum und GPS-Standort<\/li>\n<\/ul>\n\n\n\n<p><strong>Produktmerkmale;<\/strong><\/p>\n\n\n\n<ul class=\"wp-block-list\">\n<li>Messbereich bis zu 60kN<\/li>\n\n\n\n<li>Wiegt weniger als 3 kg<\/li>\n\n\n\n<li>Sehr einfach in Gebrauch<\/li>\n\n\n\n<li>Geliefert inklusive Adapter bis M12<\/li>\n\n\n\n<li>Steuerung \u00fcber intuitive App<\/li>\n\n\n\n<li>Immer inklusive Zertifikat geliefert<\/li>\n<\/ul>\n\n\n\n<figure class=\"wp-block-table\"><table class=\"has-fixed-layout\"><tbody><tr><td>Messbereich<\/td><td class=\"has-text-align-right\" data-align=\"right\">0 \u2013 60 kN&nbsp;<\/td><\/tr><tr><td>Maximales Drehmoment bei 60 kN&nbsp;<\/td><td class=\"has-text-align-right\" data-align=\"right\">25 Nm<\/td><\/tr><tr><td>Betriebstemperaturbereich<\/td><td class=\"has-text-align-right\" data-align=\"right\">-20 bis 60 \u2070C&nbsp;<\/td><\/tr><tr><td>Gewichtspr\u00fcfer<\/td><td class=\"has-text-align-right\" data-align=\"right\">4,4 kg<\/td><\/tr><tr><td>Gewicht und Abmessungen Testset<\/td><td class=\"has-text-align-right\" data-align=\"right\">10,1 kg. 46,5 x 35 x 17,5 cm<\/td><\/tr><tr><td>Verpackungsgewicht und -abmessungen<\/td><td class=\"has-text-align-right\" data-align=\"right\">10,8 kg.   50 x 38,5 x 21 cm&nbsp;<\/td><\/tr><tr><td>L\u00e4nge &amp; Kapazit\u00e4t Tragekordel<\/td><td class=\"has-text-align-right\" data-align=\"right\">0,9 \u2013 1,65 m maximal 8 kg&nbsp;<\/td><\/tr><tr><td>Kapazit\u00e4t Handgelenk Trageschlaufe<\/td><td class=\"has-text-align-right\" data-align=\"right\">0,9 kg&nbsp;<\/td><\/tr><tr><td>USB-C Geflochtenes Ladekabel<\/td><td class=\"has-text-align-right\" data-align=\"right\">1 m. \u2013 3 Amp<\/td><\/tr><tr><td>Verbindung<\/td><td class=\"has-text-align-right\" data-align=\"right\">App per Bluetooth\u00ae LE verbinden<\/td><\/tr><tr><td>Akku<\/td><td class=\"has-text-align-right\" data-align=\"right\">Wiederaufladbare Lithium-Ionen-Polymer<\/td><\/tr><tr><td>Hydraulik\u00f6l<\/td><td class=\"has-text-align-right\" data-align=\"right\">ISO VG 32 Mineral\u00f6lbasisches Premium\u00f6l<\/td><\/tr><tr><td>Test-Normen<\/td><td class=\"has-text-align-right\" data-align=\"right\">EN 61000-6-3:2007+A1:2011, EN 61000-4-2:2009,<br>EN 61000-4-3+A1:2010 +A2:2010, EN 61000-4-6:2014<\/td><\/tr><tr><td>Zertifizierung<\/td><td class=\"has-text-align-right\" data-align=\"right\">CE, UKCA<\/td><\/tr><\/tbody><\/table><\/figure>","protected":false},"excerpt":{"rendered":"<p>F\u00fcr Ankerpr\u00fcfungen vor Ort<\/p>","protected":false},"featured_media":5671,"comment_status":"closed","ping_status":"open","template":"","meta":{"_acf_changed":false},"product_brand":[],"product_cat":[70,170,71],"product_tag":[],"class_list":{"0":"post-5670","1":"product","2":"type-product","3":"status-publish","4":"has-post-thumbnail","6":"product_cat-bevestigen","7":"product_cat-bevestigingsaccessoires","8":"product_cat-chemische-ankers","9":"product_shipping_class-voorraad","11":"first","12":"onbackorder","13":"taxable","14":"shipping-taxable","15":"product-type-simple"},"acf":[],"_links":{"self":[{"href":"https:\/\/bbtectools.com\/de\/wp-json\/wp\/v2\/product\/5670","targetHints":{"allow":["GET"]}}],"collection":[{"href":"https:\/\/bbtectools.com\/de\/wp-json\/wp\/v2\/product"}],"about":[{"href":"https:\/\/bbtectools.com\/de\/wp-json\/wp\/v2\/types\/product"}],"replies":[{"embeddable":true,"href":"https:\/\/bbtectools.com\/de\/wp-json\/wp\/v2\/comments?post=5670"}],"wp:featuredmedia":[{"embeddable":true,"href":"https:\/\/bbtectools.com\/de\/wp-json\/wp\/v2\/media\/5671"}],"wp:attachment":[{"href":"https:\/\/bbtectools.com\/de\/wp-json\/wp\/v2\/media?parent=5670"}],"wp:term":[{"taxonomy":"product_brand","embeddable":true,"href":"https:\/\/bbtectools.com\/de\/wp-json\/wp\/v2\/product_brand?post=5670"},{"taxonomy":"product_cat","embeddable":true,"href":"https:\/\/bbtectools.com\/de\/wp-json\/wp\/v2\/product_cat?post=5670"},{"taxonomy":"product_tag","embeddable":true,"href":"https:\/\/bbtectools.com\/de\/wp-json\/wp\/v2\/product_tag?post=5670"}],"curies":[{"name":"wp","href":"https:\/\/api.w.org\/{rel}","templated":true}]}}