{"id":5620,"date":"2026-01-15T10:13:56","date_gmt":"2026-01-15T09:13:56","guid":{"rendered":"https:\/\/bbtectools.com\/nl\/p\/diamant-dozenboor-m16-77-x-75-mm\/"},"modified":"2026-04-08T10:49:43","modified_gmt":"2026-04-08T08:49:43","slug":"diamant-dozenboor-m16-77-x-75-mm","status":"publish","type":"product","link":"https:\/\/bbtectools.com\/de\/p\/diamant-dozenboor-m16-77-x-75-mm\/","title":{"rendered":"Diamant-Dosenbohrer M16 \u2013 77 x 75 mm"},"content":{"rendered":"","protected":false},"excerpt":{"rendered":"<p>Diamant-Dosenbohrer zum Trockenbohren von L\u00f6chern f\u00fcr Einbaudosen. Dosenbohrer mit Schlitzen auf der R\u00fcckseite zur Staubabsaugung.<\/p>","protected":false},"featured_media":5621,"comment_status":"closed","ping_status":"closed","template":"","meta":{"_acf_changed":false},"product_brand":[],"product_cat":[18,155,69,50,154,52,171,152],"product_tag":[],"class_list":{"0":"post-5620","1":"product","2":"type-product","3":"status-publish","4":"has-post-thumbnail","6":"product_cat-boren","7":"product_cat-baksteen_blokken","8":"product_cat-boren-per-materiaal","9":"product_cat-diamantboren","10":"product_cat-dozenboren","11":"product_cat-droogboren","12":"product_cat-kernboren","13":"product_cat-segmentboren","14":"product_shipping_class-voorraad","16":"first","17":"instock","18":"taxable","19":"shipping-taxable","20":"purchasable","21":"product-type-simple"},"acf":[],"_links":{"self":[{"href":"https:\/\/bbtectools.com\/de\/wp-json\/wp\/v2\/product\/5620","targetHints":{"allow":["GET"]}}],"collection":[{"href":"https:\/\/bbtectools.com\/de\/wp-json\/wp\/v2\/product"}],"about":[{"href":"https:\/\/bbtectools.com\/de\/wp-json\/wp\/v2\/types\/product"}],"replies":[{"embeddable":true,"href":"https:\/\/bbtectools.com\/de\/wp-json\/wp\/v2\/comments?post=5620"}],"wp:featuredmedia":[{"embeddable":true,"href":"https:\/\/bbtectools.com\/de\/wp-json\/wp\/v2\/media\/5621"}],"wp:attachment":[{"href":"https:\/\/bbtectools.com\/de\/wp-json\/wp\/v2\/media?parent=5620"}],"wp:term":[{"taxonomy":"product_brand","embeddable":true,"href":"https:\/\/bbtectools.com\/de\/wp-json\/wp\/v2\/product_brand?post=5620"},{"taxonomy":"product_cat","embeddable":true,"href":"https:\/\/bbtectools.com\/de\/wp-json\/wp\/v2\/product_cat?post=5620"},{"taxonomy":"product_tag","embeddable":true,"href":"https:\/\/bbtectools.com\/de\/wp-json\/wp\/v2\/product_tag?post=5620"}],"curies":[{"name":"wp","href":"https:\/\/api.w.org\/{rel}","templated":true}]}}