{"id":5590,"date":"2026-01-15T10:12:54","date_gmt":"2026-01-15T09:12:54","guid":{"rendered":"https:\/\/bbtectools.com\/nl\/p\/anti-knel-ring-11-4\/"},"modified":"2026-04-21T13:49:19","modified_gmt":"2026-04-21T11:49:19","slug":"einklemmschutz-ring-11-4","status":"publish","type":"product","link":"https:\/\/bbtectools.com\/de\/p\/anti-knel-ring-11-4\/","title":{"rendered":"EZ Schnellwechselring 1\u00bc Zoll\u201d"},"content":{"rendered":"<h2 class=\"wp-block-heading\">Verhindert das Feststecken und Klemmen von 1\u00bc\u201d Diamantbohrern<\/h2>\n\n\n\n<p>Geeignet f\u00fcr die meisten&nbsp;<a href=\"https:\/\/bbtectools.com\/de\/kernbohr-systeme\/kernbohrmaschinen\/\">Diamantbohrmaschinen<\/a>&nbsp;mit einem 1\u00bc Zoll UNC-Anschluss mit ausreichender Gewindel\u00e4nge.<\/p>\n\n\n\n<p>Verhindert Blockieren und Verklemmen des Bohrers am Gewinde. Zeit- und Kosten sparend: Kein \u00c4rger mehr mit festsitzenden Bohrern oder besch\u00e4digten Gewinden.<br><br><strong>Anwendung<\/strong><br>Stellen Sie den Antiblockierring zwischen die Bohrmaschine und die&nbsp;<a href=\"https:\/\/bbtectools.com\/de\/kernbohr-systeme\/diamantbohrer\/\">Diamantbohrer<\/a>. Nach dem Bohren sorgt der Ring daf\u00fcr, dass sich der Bohrer leicht l\u00f6sen l\u00e4sst.<br><br><strong>Kompatibilit\u00e4t<\/strong><br>Zu benutzen auf&nbsp;<a href=\"https:\/\/bbtectools.com\/de\/karat-350\/\">Karat\u00ae 350<\/a>&nbsp;von merkw\u00fcrdigen Maschinerie mit gen\u00fcgend Gewindel\u00e4nge.<\/p>","protected":false},"excerpt":{"rendered":"<p>F\u00fcr Karat 350<\/p>","protected":false},"featured_media":5591,"comment_status":"closed","ping_status":"closed","template":"","meta":{"_acf_changed":false},"product_brand":[],"product_cat":[18,56,159],"product_tag":[],"class_list":{"0":"post-5590","1":"product","2":"type-product","3":"status-publish","4":"has-post-thumbnail","6":"product_cat-boren","7":"product_cat-booraccessoires","8":"product_cat-veiligheid-troubleshooting","9":"product_shipping_class-voorraad","11":"first","12":"instock","13":"taxable","14":"shipping-taxable","15":"purchasable","16":"product-type-simple"},"acf":[],"_links":{"self":[{"href":"https:\/\/bbtectools.com\/de\/wp-json\/wp\/v2\/product\/5590","targetHints":{"allow":["GET"]}}],"collection":[{"href":"https:\/\/bbtectools.com\/de\/wp-json\/wp\/v2\/product"}],"about":[{"href":"https:\/\/bbtectools.com\/de\/wp-json\/wp\/v2\/types\/product"}],"replies":[{"embeddable":true,"href":"https:\/\/bbtectools.com\/de\/wp-json\/wp\/v2\/comments?post=5590"}],"wp:featuredmedia":[{"embeddable":true,"href":"https:\/\/bbtectools.com\/de\/wp-json\/wp\/v2\/media\/5591"}],"wp:attachment":[{"href":"https:\/\/bbtectools.com\/de\/wp-json\/wp\/v2\/media?parent=5590"}],"wp:term":[{"taxonomy":"product_brand","embeddable":true,"href":"https:\/\/bbtectools.com\/de\/wp-json\/wp\/v2\/product_brand?post=5590"},{"taxonomy":"product_cat","embeddable":true,"href":"https:\/\/bbtectools.com\/de\/wp-json\/wp\/v2\/product_cat?post=5590"},{"taxonomy":"product_tag","embeddable":true,"href":"https:\/\/bbtectools.com\/de\/wp-json\/wp\/v2\/product_tag?post=5590"}],"curies":[{"name":"wp","href":"https:\/\/api.w.org\/{rel}","templated":true}]}}