{"id":5079,"date":"2025-11-25T22:19:10","date_gmt":"2025-11-25T21:19:10","guid":{"rendered":"https:\/\/bbtectools.com\/p\/kernopvangbak-incl-voet-met-wielen\/"},"modified":"2026-04-08T09:42:29","modified_gmt":"2026-04-08T07:42:29","slug":"kernopvangbak-incl-voet-met-wielen","status":"publish","type":"product","link":"https:\/\/bbtectools.com\/de\/p\/kernopvangbak-incl-voet-met-wielen\/","title":{"rendered":"Auffangwanne inklusive Sockel mit R\u00e4dern"},"content":{"rendered":"","protected":false},"excerpt":{"rendered":"<p>Zum Auffangen des Bohrkerns bei Bohrungen durch den Boden.<\/p>\n<ul>\n<li>Wasserschale mit Anschluss f\u00fcr Wasserabsauger und Fu\u00df mit Transportr\u00e4dern<\/li>\n<li>Zur Verwendung mit Aluminium-Blitzstempel (Art.-Nr.\u00a0<a href=\"https:\/\/bbtectools.com\/de\/aluminium-snelstempel-185-341-cm\/\">2100150<\/a>, separat erh\u00e4ltlich)<\/li>\n<\/ul>","protected":false},"featured_media":7293,"comment_status":"closed","ping_status":"closed","template":"","meta":{"_acf_changed":false},"product_brand":[],"product_cat":[18,56,159],"product_tag":[],"class_list":{"0":"post-5079","1":"product","2":"type-product","3":"status-publish","4":"has-post-thumbnail","6":"product_cat-boren","7":"product_cat-booraccessoires","8":"product_cat-veiligheid-troubleshooting","9":"product_shipping_class-voorraad","11":"first","12":"onbackorder","13":"taxable","14":"shipping-taxable","15":"purchasable","16":"product-type-simple"},"acf":[],"_links":{"self":[{"href":"https:\/\/bbtectools.com\/de\/wp-json\/wp\/v2\/product\/5079","targetHints":{"allow":["GET"]}}],"collection":[{"href":"https:\/\/bbtectools.com\/de\/wp-json\/wp\/v2\/product"}],"about":[{"href":"https:\/\/bbtectools.com\/de\/wp-json\/wp\/v2\/types\/product"}],"replies":[{"embeddable":true,"href":"https:\/\/bbtectools.com\/de\/wp-json\/wp\/v2\/comments?post=5079"}],"wp:featuredmedia":[{"embeddable":true,"href":"https:\/\/bbtectools.com\/de\/wp-json\/wp\/v2\/media\/7293"}],"wp:attachment":[{"href":"https:\/\/bbtectools.com\/de\/wp-json\/wp\/v2\/media?parent=5079"}],"wp:term":[{"taxonomy":"product_brand","embeddable":true,"href":"https:\/\/bbtectools.com\/de\/wp-json\/wp\/v2\/product_brand?post=5079"},{"taxonomy":"product_cat","embeddable":true,"href":"https:\/\/bbtectools.com\/de\/wp-json\/wp\/v2\/product_cat?post=5079"},{"taxonomy":"product_tag","embeddable":true,"href":"https:\/\/bbtectools.com\/de\/wp-json\/wp\/v2\/product_tag?post=5079"}],"curies":[{"name":"wp","href":"https:\/\/api.w.org\/{rel}","templated":true}]}}