{"id":5029,"date":"2025-11-25T22:17:34","date_gmt":"2025-11-25T21:17:34","guid":{"rendered":"https:\/\/bbtectools.com\/p\/verlengstuk-100-mm\/"},"modified":"2026-03-27T15:35:42","modified_gmt":"2026-03-27T14:35:42","slug":"verlengstuk-100-mm","status":"publish","type":"product","link":"https:\/\/bbtectools.com\/de\/p\/verlengstuk-100-mm\/","title":{"rendered":"Verlengstuk \u00bd&#8221; &#8211; 100 mm"},"content":{"rendered":"<p>Verlengstuk \u00bd&#8221; &#8211; 100 mm<\/p>","protected":false},"excerpt":{"rendered":"<p>F\u00fcr gr\u00f6\u00dfere Bohrtiefen<\/p>","protected":false},"featured_media":5094,"comment_status":"closed","ping_status":"closed","template":"","meta":{"_acf_changed":false},"product_brand":[],"product_cat":[143,56,18],"product_tag":[],"class_list":{"0":"post-5029","1":"product","2":"type-product","3":"status-publish","4":"has-post-thumbnail","6":"product_cat-verlengstukken","7":"product_cat-booraccessoires","8":"product_cat-boren","9":"product_shipping_class-voorraad","11":"first","12":"onbackorder","13":"taxable","14":"shipping-taxable","15":"purchasable","16":"product-type-simple"},"acf":[],"_links":{"self":[{"href":"https:\/\/bbtectools.com\/de\/wp-json\/wp\/v2\/product\/5029","targetHints":{"allow":["GET"]}}],"collection":[{"href":"https:\/\/bbtectools.com\/de\/wp-json\/wp\/v2\/product"}],"about":[{"href":"https:\/\/bbtectools.com\/de\/wp-json\/wp\/v2\/types\/product"}],"replies":[{"embeddable":true,"href":"https:\/\/bbtectools.com\/de\/wp-json\/wp\/v2\/comments?post=5029"}],"wp:featuredmedia":[{"embeddable":true,"href":"https:\/\/bbtectools.com\/de\/wp-json\/wp\/v2\/media\/5094"}],"wp:attachment":[{"href":"https:\/\/bbtectools.com\/de\/wp-json\/wp\/v2\/media?parent=5029"}],"wp:term":[{"taxonomy":"product_brand","embeddable":true,"href":"https:\/\/bbtectools.com\/de\/wp-json\/wp\/v2\/product_brand?post=5029"},{"taxonomy":"product_cat","embeddable":true,"href":"https:\/\/bbtectools.com\/de\/wp-json\/wp\/v2\/product_cat?post=5029"},{"taxonomy":"product_tag","embeddable":true,"href":"https:\/\/bbtectools.com\/de\/wp-json\/wp\/v2\/product_tag?post=5029"}],"curies":[{"name":"wp","href":"https:\/\/api.w.org\/{rel}","templated":true}]}}