{"id":4888,"date":"2025-11-25T22:12:18","date_gmt":"2025-11-25T21:12:18","guid":{"rendered":"https:\/\/bbtectools.com\/p\/dress-steen\/"},"modified":"2026-04-08T11:43:21","modified_gmt":"2026-04-08T09:43:21","slug":"dress-steen","status":"publish","type":"product","link":"https:\/\/bbtectools.com\/de\/p\/dress-steen\/","title":{"rendered":"DIAMANT\u00b3 Kleid Steen"},"content":{"rendered":"<p>Kleid Stein<\/p>","protected":false},"excerpt":{"rendered":"<p>Entdecken Sie das volle Potenzial Ihres Diamantwerkzeugs. Zum Sch\u00e4rfen von stumpfen Diamants\u00e4gebl\u00e4ttern und Fliesenbohrern.<\/p>\n<ul>\n<li>Abmessung 200 x 50 x 25 mm<\/li>\n<\/ul>","protected":false},"featured_media":7232,"comment_status":"closed","ping_status":"closed","template":"","meta":{"_acf_changed":false},"product_brand":[],"product_cat":[68,140],"product_tag":[],"class_list":{"0":"post-4888","1":"product","2":"type-product","3":"status-publish","4":"has-post-thumbnail","6":"product_cat-tegels_natuursteen","7":"product_cat-accessoires-zagen","8":"product_shipping_class-voorraad","10":"first","11":"onbackorder","12":"taxable","13":"shipping-taxable","14":"purchasable","15":"product-type-simple"},"acf":[],"_links":{"self":[{"href":"https:\/\/bbtectools.com\/de\/wp-json\/wp\/v2\/product\/4888","targetHints":{"allow":["GET"]}}],"collection":[{"href":"https:\/\/bbtectools.com\/de\/wp-json\/wp\/v2\/product"}],"about":[{"href":"https:\/\/bbtectools.com\/de\/wp-json\/wp\/v2\/types\/product"}],"replies":[{"embeddable":true,"href":"https:\/\/bbtectools.com\/de\/wp-json\/wp\/v2\/comments?post=4888"}],"wp:featuredmedia":[{"embeddable":true,"href":"https:\/\/bbtectools.com\/de\/wp-json\/wp\/v2\/media\/7232"}],"wp:attachment":[{"href":"https:\/\/bbtectools.com\/de\/wp-json\/wp\/v2\/media?parent=4888"}],"wp:term":[{"taxonomy":"product_brand","embeddable":true,"href":"https:\/\/bbtectools.com\/de\/wp-json\/wp\/v2\/product_brand?post=4888"},{"taxonomy":"product_cat","embeddable":true,"href":"https:\/\/bbtectools.com\/de\/wp-json\/wp\/v2\/product_cat?post=4888"},{"taxonomy":"product_tag","embeddable":true,"href":"https:\/\/bbtectools.com\/de\/wp-json\/wp\/v2\/product_tag?post=4888"}],"curies":[{"name":"wp","href":"https:\/\/api.w.org\/{rel}","templated":true}]}}