{"id":4852,"date":"2025-11-25T22:11:39","date_gmt":"2025-11-25T21:11:39","guid":{"rendered":"https:\/\/bbtectools.com\/p\/hulpstuk-28\/"},"modified":"2026-04-20T09:30:15","modified_gmt":"2026-04-20T07:30:15","slug":"hulpstuk-28","status":"publish","type":"product","link":"https:\/\/bbtectools.com\/de\/p\/hulpstuk-28\/","title":{"rendered":"Hilfsst\u00fcck #28"},"content":{"rendered":"<p>Hilfsst\u00fcck #28<\/p>","protected":false},"excerpt":{"rendered":"<p>F\u00fcr eine bessere Verteilung des Injektionsm\u00f6rtels in tiefe und horizontale L\u00f6cher<\/p>","protected":false},"featured_media":7049,"comment_status":"closed","ping_status":"closed","template":"","meta":{"_acf_changed":false},"product_brand":[],"product_cat":[170],"product_tag":[],"class_list":{"0":"post-4852","1":"product","2":"type-product","3":"status-publish","4":"has-post-thumbnail","6":"product_cat-bevestigingsaccessoires","7":"product_shipping_class-voorraad","9":"first","10":"instock","11":"taxable","12":"shipping-taxable","13":"purchasable","14":"product-type-simple"},"acf":[],"_links":{"self":[{"href":"https:\/\/bbtectools.com\/de\/wp-json\/wp\/v2\/product\/4852","targetHints":{"allow":["GET"]}}],"collection":[{"href":"https:\/\/bbtectools.com\/de\/wp-json\/wp\/v2\/product"}],"about":[{"href":"https:\/\/bbtectools.com\/de\/wp-json\/wp\/v2\/types\/product"}],"replies":[{"embeddable":true,"href":"https:\/\/bbtectools.com\/de\/wp-json\/wp\/v2\/comments?post=4852"}],"wp:featuredmedia":[{"embeddable":true,"href":"https:\/\/bbtectools.com\/de\/wp-json\/wp\/v2\/media\/7049"}],"wp:attachment":[{"href":"https:\/\/bbtectools.com\/de\/wp-json\/wp\/v2\/media?parent=4852"}],"wp:term":[{"taxonomy":"product_brand","embeddable":true,"href":"https:\/\/bbtectools.com\/de\/wp-json\/wp\/v2\/product_brand?post=4852"},{"taxonomy":"product_cat","embeddable":true,"href":"https:\/\/bbtectools.com\/de\/wp-json\/wp\/v2\/product_cat?post=4852"},{"taxonomy":"product_tag","embeddable":true,"href":"https:\/\/bbtectools.com\/de\/wp-json\/wp\/v2\/product_tag?post=4852"}],"curies":[{"name":"wp","href":"https:\/\/api.w.org\/{rel}","templated":true}]}}