{"id":4793,"date":"2025-11-25T22:10:13","date_gmt":"2025-11-25T21:10:13","guid":{"rendered":"https:\/\/bbtectools.com\/p\/bccm675\/"},"modified":"2026-04-15T14:18:38","modified_gmt":"2026-04-15T12:18:38","slug":"bccm675","status":"publish","type":"product","link":"https:\/\/bbtectools.com\/de\/p\/bccm675\/","title":{"rendered":"BCCM675, Ecklochbohrmaschine 230V \u2013 50HZ"},"content":{"rendered":"<h3>Steingr\u00f6\u00dfen<\/h3>\n<ul>\n<li>Max. L\u00e4nge: 330 mm<\/li>\n<li>Breite: einstellbar von 90 bis 130 mm<\/li>\n<li>Dikte: max. 90 mm<\/li>\n<\/ul>\n<h3>Maschinenspezifikationen:<\/h3>\n<ul>\n<li>S\u00e4gemotor: 400V \u2013 3 ph \u2013 4kW<\/li>\n<li>Thermisch gesichert<\/li>\n<li>Zaagas: 40 mm<\/li>\n<li>S\u00e4geblattdurchmesser: 675 mm<\/li>\n<li>Maschinenabmessungen: 1100 x 760 x 1400 mm<\/li>\n<li>Fester Wasseranschluss erforderlich<\/li>\n<\/ul>\n<h3>Vollst\u00e4ndig mit:<\/h3>\n<ul>\n<li>Diamant-S\u00e4geblatt SEG-GRAY-10N \u00d8675 mm<\/li>\n<\/ul>","protected":false},"excerpt":{"rendered":"<p>Speziell entwickelt f\u00fcr das sichere, schnelle und pr\u00e4zise S\u00e4gen von Steinriemen-Ecksteinen.<\/p>\n<h3>Merkmale<\/h3>\n<ul>\n<li>Verstellbarer Anschlag zum S\u00e4gen von Streifen mit einer Breite zwischen 90 und 130 mm.<\/li>\n<li>F\u00fcr optimale Sicherheit ist die S\u00e4geblatt w\u00e4hrend des S\u00e4geprozesses komplett abgeschirmt durch eine rostfreie Stahl S\u00e4geabdeckung.<\/li>\n<li>F\u00fcr einfache Wartung und Rostschutz ist der BCCM675 gr\u00f6\u00dftenteils aus Edelstahl gefertigt.<\/li>\n<li>Die BCCM675 wird mit einem speziell entwickelten Diamant-Nassschneidblatt \u00d8675 mm geliefert. Hierbei wurde die richtige Balance zwischen Standzeit des S\u00e4geblatts, Produktivit\u00e4t und einer hochwertigen Ausf\u00fchrung gefunden.<\/li>\n<li>Obwohl die BCCM675 zum S\u00e4gen von Ecksteinen konzipiert ist, k\u00f6nnen gerade Steinriemen aus Steinen von max. 330 x 240 x 90 mm ges\u00e4gt werden.<\/li>\n<\/ul>\n<p>&nbsp;<\/p>","protected":false},"featured_media":4794,"comment_status":"closed","ping_status":"closed","template":"","meta":{"_acf_changed":false},"product_brand":[],"product_cat":[142,91,90],"product_tag":[],"class_list":{"0":"post-4793","1":"product","2":"type-product","3":"status-publish","4":"has-post-thumbnail","6":"product_cat-steenzaagmachines-blokzaagmachines","7":"product_cat-zaagmachines","8":"product_cat-zagen-slijpen","9":"product_shipping_class-voorraad","11":"first","12":"onbackorder","13":"taxable","14":"shipping-taxable","15":"purchasable","16":"product-type-simple"},"acf":[],"_links":{"self":[{"href":"https:\/\/bbtectools.com\/de\/wp-json\/wp\/v2\/product\/4793","targetHints":{"allow":["GET"]}}],"collection":[{"href":"https:\/\/bbtectools.com\/de\/wp-json\/wp\/v2\/product"}],"about":[{"href":"https:\/\/bbtectools.com\/de\/wp-json\/wp\/v2\/types\/product"}],"replies":[{"embeddable":true,"href":"https:\/\/bbtectools.com\/de\/wp-json\/wp\/v2\/comments?post=4793"}],"wp:featuredmedia":[{"embeddable":true,"href":"https:\/\/bbtectools.com\/de\/wp-json\/wp\/v2\/media\/4794"}],"wp:attachment":[{"href":"https:\/\/bbtectools.com\/de\/wp-json\/wp\/v2\/media?parent=4793"}],"wp:term":[{"taxonomy":"product_brand","embeddable":true,"href":"https:\/\/bbtectools.com\/de\/wp-json\/wp\/v2\/product_brand?post=4793"},{"taxonomy":"product_cat","embeddable":true,"href":"https:\/\/bbtectools.com\/de\/wp-json\/wp\/v2\/product_cat?post=4793"},{"taxonomy":"product_tag","embeddable":true,"href":"https:\/\/bbtectools.com\/de\/wp-json\/wp\/v2\/product_tag?post=4793"}],"curies":[{"name":"wp","href":"https:\/\/api.w.org\/{rel}","templated":true}]}}