{"id":4667,"date":"2025-11-25T22:05:23","date_gmt":"2025-11-25T21:05:23","guid":{"rendered":"https:\/\/bbtectools.com\/p\/ankerhuls-met-binnendraad-vd-i-staal-5-8-elektrolytisch-verzinkt\/"},"modified":"2026-04-03T13:43:40","modified_gmt":"2026-04-03T11:43:40","slug":"ankerhuls-met-binnendraad-vd-i-staal-5-8-elektrolytisch-verzinkt","status":"publish","type":"product","link":"https:\/\/bbtectools.com\/de\/p\/ankerhuls-met-binnendraad-vd-i-staal-5-8-elektrolytisch-verzinkt\/","title":{"rendered":"Ankerh\u00fclse mit Innengewinde VD-I, Stahl 5.8 Elektrolytisch verzinkt"},"content":{"rendered":"\n<h3 class=\"wp-block-heading\">Product Afmetingen<\/h3>\n\n\n\n<figure class=\"wp-block-table\"><table class=\"has-fixed-layout\"><tbody><tr><td><strong>Anker Afmeting<\/strong><\/td><td>VD-I<\/td><td>[mm]<\/td><td>M8<\/td><td>M10<\/td><td>M12<\/td><td>M16<\/td><td>M20<\/td><td>M24<\/td><td>M27<\/td><td>M30<\/td><\/tr><tr><td><strong>Diameter VD-I<\/strong><\/td><td>Da<\/td><td>[mm]<\/td><td>12<\/td><td>16<\/td><td>20<\/td><td>25<\/td><td>30<\/td><td>35<\/td><td>40<\/td><td>45<\/td><\/tr><tr><td><strong>Lengte VD-I<\/strong><\/td><td>La<\/td><td>[mm]<\/td><td>90<\/td><td>90<\/td><td>90<\/td><td>125<\/td><td>180<\/td><td>210<\/td><td>250<\/td><td>280<\/td><\/tr><tr><td><strong>Diameter Binnendraad<\/strong><\/td><td>Di<\/td><td>[mm]<\/td><td>M8<\/td><td>M10<\/td><td>M12<\/td><td>M16<\/td><td>M20<\/td><td>M24<\/td><td>M27<\/td><td>M30<\/td><\/tr><tr><td><strong>Lengte Binnendraad<\/strong><\/td><td>Li<\/td><td>[mm]<\/td><td>30<\/td><td>35<\/td><td>40<\/td><td>40<\/td><td>60<\/td><td>70<\/td><td>80<\/td><td>90<\/td><\/tr><tr><td><strong>Capsule Type<\/strong><\/td><td>VDP<\/td><td>&#8212;<\/td><td>M12<\/td><td>M12<\/td><td>M16<\/td><td>M20*<\/td><td>M24<\/td><td>M27<\/td><td>M30<\/td><td>M30<\/td><\/tr><tr><td><strong>Capsule Diameter<\/strong><\/td><td>Dp<\/td><td>[mm]<\/td><td>13<\/td><td>13<\/td><td>17<\/td><td>22<\/td><td>24<\/td><td>28<\/td><td>33<\/td><td>33<\/td><\/tr><tr><td><strong>Capsule Lengte<\/strong><\/td><td>Lp<\/td><td>[mm]<\/td><td>95<\/td><td>95<\/td><td>95<\/td><td>135<\/td><td>210<\/td><td>210<\/td><td>265<\/td><td>265<\/td><\/tr><\/tbody><\/table><\/figure>\n\n\n\n<h3 class=\"wp-block-heading\">Installatie Afmetingen<\/h3>\n\n\n\n<figure class=\"wp-block-table\"><table class=\"has-fixed-layout\"><tbody><tr><td><strong>Anker Afmeting<\/strong><\/td><td>VD-I<\/td><td>[mm]<\/td><td>M8<\/td><td>M10<\/td><td>M12<\/td><td>M16<\/td><td>M20<\/td><td>M24<\/td><td>M27<\/td><td>M30<\/td><\/tr><tr><td><strong>Diameter Boorgat<\/strong><\/td><td>d0<\/td><td>[mm]<\/td><td>15<\/td><td>18<\/td><td>22<\/td><td>28<\/td><td>35<\/td><td>40<\/td><td>45<\/td><td>50<\/td><\/tr><tr><td><strong>Zetdiepte<\/strong><\/td><td>h0=hef<\/td><td>[mm]<\/td><td>90<\/td><td>90<\/td><td>90<\/td><td>125<\/td><td>180<\/td><td>210<\/td><td>250<\/td><td>280<\/td><\/tr><tr><td><strong>Diameter Doorvoergat<\/strong><\/td><td>df<\/td><td>[mm]<\/td><td>12<\/td><td>14<\/td><td>16<\/td><td>20<\/td><td>25<\/td><td>28<\/td><td>32<\/td><td>35<\/td><\/tr><tr><td><strong>Opsluithoogte<\/strong><\/td><td>tfix\u2264<\/td><td>[mm]<\/td><td>18<\/td><td>25<\/td><td>34<\/td><td>45<\/td><td>55<\/td><td>55<\/td><td>55<\/td><td>55<\/td><\/tr><tr><td><strong>Aanbevolen Aandraaimoment<\/strong><\/td><td>Tinst<\/td><td>[Nm]<\/td><td>10<\/td><td>20<\/td><td>40<\/td><td>80<\/td><td>120<\/td><td>180<\/td><td>230<\/td><td>300<\/td><\/tr><\/tbody><\/table><\/figure>\n","protected":false},"excerpt":{"rendered":"<p>Ankerh\u00fclse mit Innengewinde f\u00fcr fl\u00e4chenb\u00fcndige Montage.<\/p>\n<ul>\n<li>Hohe Belastungswerte<\/li>\n<li>F120 Marken-Testbericht<\/li>\n<li>Null chemischer oder Plastikabfall<\/li>\n<li>Entfernbar<\/li>\n<li>Ohne Sechskantschraube und Unterlegscheibe<\/li>\n<\/ul>","protected":false},"featured_media":4668,"comment_status":"closed","ping_status":"open","template":"","meta":{"_acf_changed":false},"product_brand":[],"product_cat":[74,70,73],"product_tag":[],"class_list":{"0":"post-4667","1":"product","2":"type-product","3":"status-publish","4":"has-post-thumbnail","6":"product_cat-ankerstangen","7":"product_cat-bevestigen","8":"product_cat-staalankers","9":"product_shipping_class-voorraad","11":"first","12":"onbackorder","13":"taxable","14":"shipping-taxable","15":"product-type-grouped"},"acf":[],"_links":{"self":[{"href":"https:\/\/bbtectools.com\/de\/wp-json\/wp\/v2\/product\/4667","targetHints":{"allow":["GET"]}}],"collection":[{"href":"https:\/\/bbtectools.com\/de\/wp-json\/wp\/v2\/product"}],"about":[{"href":"https:\/\/bbtectools.com\/de\/wp-json\/wp\/v2\/types\/product"}],"replies":[{"embeddable":true,"href":"https:\/\/bbtectools.com\/de\/wp-json\/wp\/v2\/comments?post=4667"}],"wp:featuredmedia":[{"embeddable":true,"href":"https:\/\/bbtectools.com\/de\/wp-json\/wp\/v2\/media\/4668"}],"wp:attachment":[{"href":"https:\/\/bbtectools.com\/de\/wp-json\/wp\/v2\/media?parent=4667"}],"wp:term":[{"taxonomy":"product_brand","embeddable":true,"href":"https:\/\/bbtectools.com\/de\/wp-json\/wp\/v2\/product_brand?post=4667"},{"taxonomy":"product_cat","embeddable":true,"href":"https:\/\/bbtectools.com\/de\/wp-json\/wp\/v2\/product_cat?post=4667"},{"taxonomy":"product_tag","embeddable":true,"href":"https:\/\/bbtectools.com\/de\/wp-json\/wp\/v2\/product_tag?post=4667"}],"curies":[{"name":"wp","href":"https:\/\/api.w.org\/{rel}","templated":true}]}}