{"id":4617,"date":"2025-11-25T22:03:57","date_gmt":"2025-11-25T21:03:57","guid":{"rendered":"https:\/\/bbtectools.com\/p\/ankerstangen-asta-az-staal-8-8-elektrolytisch-verzinkt\/"},"modified":"2026-04-03T13:35:51","modified_gmt":"2026-04-03T11:35:51","slug":"ankerstangen-asta-az-staal-8-8-elektrolytisch-verzinkt","status":"publish","type":"product","link":"https:\/\/bbtectools.com\/de\/p\/ankerstangen-asta-az-staal-8-8-elektrolytisch-verzinkt\/","title":{"rendered":"Ankerstangen ASTA-AZ, Stahl 8.8 Elektrolytisch Verzinkt"},"content":{"rendered":"","protected":false},"excerpt":{"rendered":"<p>Ohne Au\u00dfensechskant. Komplett mit Mutter und Unterlegscheibe.<\/p>\n<ul>\n<li>Standardabmessungen: Andere Durchmesser, L\u00e4ngen, Stahlg\u00fcten und Oberfl\u00e4chen auf Anfrage.<\/li>\n<\/ul>","protected":false},"featured_media":4618,"comment_status":"closed","ping_status":"closed","template":"","meta":{"_acf_changed":false},"product_brand":[],"product_cat":[74,70,73],"product_tag":[],"class_list":{"0":"post-4617","1":"product","2":"type-product","3":"status-publish","4":"has-post-thumbnail","6":"product_cat-ankerstangen","7":"product_cat-bevestigen-ankers","8":"product_cat-staalankers","9":"product_shipping_class-voorraad","11":"first","12":"onbackorder","13":"taxable","14":"shipping-taxable","15":"product-type-grouped"},"acf":[],"_links":{"self":[{"href":"https:\/\/bbtectools.com\/de\/wp-json\/wp\/v2\/product\/4617","targetHints":{"allow":["GET"]}}],"collection":[{"href":"https:\/\/bbtectools.com\/de\/wp-json\/wp\/v2\/product"}],"about":[{"href":"https:\/\/bbtectools.com\/de\/wp-json\/wp\/v2\/types\/product"}],"replies":[{"embeddable":true,"href":"https:\/\/bbtectools.com\/de\/wp-json\/wp\/v2\/comments?post=4617"}],"wp:featuredmedia":[{"embeddable":true,"href":"https:\/\/bbtectools.com\/de\/wp-json\/wp\/v2\/media\/4618"}],"wp:attachment":[{"href":"https:\/\/bbtectools.com\/de\/wp-json\/wp\/v2\/media?parent=4617"}],"wp:term":[{"taxonomy":"product_brand","embeddable":true,"href":"https:\/\/bbtectools.com\/de\/wp-json\/wp\/v2\/product_brand?post=4617"},{"taxonomy":"product_cat","embeddable":true,"href":"https:\/\/bbtectools.com\/de\/wp-json\/wp\/v2\/product_cat?post=4617"},{"taxonomy":"product_tag","embeddable":true,"href":"https:\/\/bbtectools.com\/de\/wp-json\/wp\/v2\/product_tag?post=4617"}],"curies":[{"name":"wp","href":"https:\/\/api.w.org\/{rel}","templated":true}]}}