{"id":2202,"date":"2025-11-25T16:51:51","date_gmt":"2025-11-25T15:51:51","guid":{"rendered":"https:\/\/bbtectools.com\/p\/poten-met-wielen\/"},"modified":"2026-04-03T11:34:21","modified_gmt":"2026-04-03T09:34:21","slug":"poten-met-wielen","status":"publish","type":"product","link":"https:\/\/bbtectools.com\/de\/p\/poten-met-wielen\/","title":{"rendered":"T\u00f6pfe mit R\u00e4dern"},"content":{"rendered":"","protected":false},"excerpt":{"rendered":"<p>Radset mit Beinen f\u00fcr einfachen Transport Ihrer Rodia S\u00e4gemaschine.<\/p>","protected":false},"featured_media":2203,"comment_status":"closed","ping_status":"open","template":"","meta":{"_acf_changed":false},"product_brand":[],"product_cat":[139,91,90,140],"product_tag":[],"class_list":{"0":"post-2202","1":"product","2":"type-product","3":"status-publish","4":"has-post-thumbnail","6":"product_cat-tegelzaagmachines","7":"product_cat-zaagmachines","8":"product_cat-zagen-slijpen","9":"product_cat-accessoires-zagen","10":"product_shipping_class-voorraad","12":"first","13":"onbackorder","14":"taxable","15":"shipping-taxable","16":"purchasable","17":"product-type-simple"},"acf":[],"_links":{"self":[{"href":"https:\/\/bbtectools.com\/de\/wp-json\/wp\/v2\/product\/2202","targetHints":{"allow":["GET"]}}],"collection":[{"href":"https:\/\/bbtectools.com\/de\/wp-json\/wp\/v2\/product"}],"about":[{"href":"https:\/\/bbtectools.com\/de\/wp-json\/wp\/v2\/types\/product"}],"replies":[{"embeddable":true,"href":"https:\/\/bbtectools.com\/de\/wp-json\/wp\/v2\/comments?post=2202"}],"wp:featuredmedia":[{"embeddable":true,"href":"https:\/\/bbtectools.com\/de\/wp-json\/wp\/v2\/media\/2203"}],"wp:attachment":[{"href":"https:\/\/bbtectools.com\/de\/wp-json\/wp\/v2\/media?parent=2202"}],"wp:term":[{"taxonomy":"product_brand","embeddable":true,"href":"https:\/\/bbtectools.com\/de\/wp-json\/wp\/v2\/product_brand?post=2202"},{"taxonomy":"product_cat","embeddable":true,"href":"https:\/\/bbtectools.com\/de\/wp-json\/wp\/v2\/product_cat?post=2202"},{"taxonomy":"product_tag","embeddable":true,"href":"https:\/\/bbtectools.com\/de\/wp-json\/wp\/v2\/product_tag?post=2202"}],"curies":[{"name":"wp","href":"https:\/\/api.w.org\/{rel}","templated":true}]}}