{"id":6725,"date":"2026-02-24T10:08:26","date_gmt":"2026-02-24T09:08:26","guid":{"rendered":"https:\/\/bbtectools.com\/nl\/?page_id=6725"},"modified":"2026-02-24T10:14:29","modified_gmt":"2026-02-24T09:14:29","slug":"ankerberechnung-2","status":"publish","type":"page","link":"https:\/\/bbtectools.com\/de\/service\/ankercalculatie-2\/","title":{"rendered":"Ankerberechnung"},"content":{"rendered":"<div class=\"wp-block-stackable-columns alignfull stk-block-columns stk-block stk-d1967ad stk-block-background stk--has-background-overlay\" data-block-id=\"d1967ad\"><style>.stk-d1967ad {background-image:url(https:\/\/bbtectools.com\/wp-content\/uploads\/2026\/02\/toolbox-verankering-training.jpg) !important;background-position:center center !important;background-size:cover !important;min-height:var(--stk--preset--block-height--xx-large, 32rem) !important;align-items:center !important;display:flex !important;}.stk-d1967ad:before{background-color:#000000 !important;opacity:0.6 !important;}<\/style><div class=\"stk-row stk-inner-blocks stk-block-content stk-content-align stk-d1967ad-column alignfull\">\n<div class=\"wp-block-stackable-column stk-block-column stk-column stk-block stk-d344e79\" data-v=\"4\" data-block-id=\"d344e79\"><style>.stk-d344e79 {align-items:center !important;max-width:900px !important;min-width:auto !important;margin-right:auto !important;margin-left:auto !important;display:flex !important;}.stk-d344e79-container{max-width:100% !important;min-width:auto !important;}<\/style><div class=\"stk-column-wrapper stk-block-column__content stk-container stk-d344e79-container stk--no-background stk--no-padding\"><div class=\"stk-block-content stk-inner-blocks stk-d344e79-inner-blocks\">\n<div class=\"wp-block-stackable-heading stk-block-heading stk-block-heading--v2 stk-block stk-5932bff\" id=\"ankercalculatie\" data-block-id=\"5932bff\"><style>.stk-5932bff {margin-bottom:0px !important;}.stk-5932bff .stk-block-heading__text{color:var(--theme-palette-color-5, #ffffff) !important;text-transform:uppercase !important;}@media screen and (max-width:689px){.stk-5932bff .stk-block-heading__text{font-size:var(--stk--preset--font-size--x-large, 50px) !important;}}<\/style><h1 class=\"stk-block-heading__text has-text-color has-text-align-center\">Ankerberechnung<\/h1><\/div>\n\n\n\n<div class=\"wp-block-stackable-heading stk-block-heading stk-block-heading--v2 stk-block stk-d90ad0c\" id=\"constructieve-veiligheid-voor-al-uw-bevestigingsprojecten\" data-block-id=\"d90ad0c\"><style>.stk-d90ad0c .stk-block-heading__text{color:#ffffff !important;}<\/style><h2 class=\"stk-block-heading__text has-text-color has-text-align-center\">KONSTRUKTIVE SICHERHEIT F\u00dcR ALLE IHRE BEFESTIGUNGSPROJEKTE<\/h2><\/div>\n\n\n\n<div class=\"wp-block-stackable-text stk-block-text stk-block stk-a35f08a\" data-block-id=\"a35f08a\"><style>.stk-a35f08a .stk-block-text__text{color:var(--theme-palette-color-5, #ffffff) !important;}<\/style><p class=\"stk-block-text__text has-text-color has-text-align-center\">Konstruktive Sicherheit f\u00fcr alle Ihre Befestigungsprojekte. B+BTec bietet dem Konstrukteur diverse Werkzeuge zur Berechnung von Schwerlastanker und nachtr\u00e4glich verklebten Ankerst\u00e4ben.<\/p><\/div>\n\n\n\n<div class=\"wp-block-stackable-button-group stk-block-button-group stk-block stk-2aca1ea\" data-block-id=\"2aca1ea\"><style>.stk-2aca1ea .stk-inner-blocks{column-gap:15px !important;row-gap:15px !important;}<\/style><div class=\"stk-row stk-inner-blocks has-text-align-center stk-block-content stk-button-group\">\n<div class=\"wp-block-stackable-button stk-block-button stk-block stk-6bba629\" data-block-id=\"6bba629\"><style>.stk-6bba629 .stk-button{background:var(--theme-palette-color-1, #028BCB) !important;}.stk-6bba629 .stk-button__inner-text{color:var(--theme-palette-color-5, #ffffff) !important;}<\/style><a class=\"stk-link stk-button stk--hover-effect-darken\" href=\"\"><span class=\"has-text-color stk-button__inner-text\">Rufnummer: 0168 \u2013 331 240<\/span><\/a><\/div>\n\n\n\n<div class=\"wp-block-stackable-button stk-block-button is-style-ghost stk-block stk-adc8fe5\" data-block-id=\"adc8fe5\"><style>.stk-adc8fe5 .stk-button{background:transparent !important;}.stk-adc8fe5 .stk-button:hover:after{background:transparent !important;opacity:1 !important;}:where(.stk-hover-parent:hover,  .stk-hover-parent.stk--is-hovered) .stk-adc8fe5 .stk-button:after{background:transparent !important;opacity:1 !important;}.stk-adc8fe5 .stk-button:before{border-style:solid !important;border-color:var(--theme-palette-color-5, #ffffff) !important;}.stk-adc8fe5 .stk-button__inner-text{color:var(--theme-palette-color-5, #ffffff) !important;}<\/style><a class=\"stk-link stk-button stk--hover-effect-darken\" href=\"\"><span class=\"has-text-color stk-button__inner-text\">Stellen Sie einen Antrag<\/span><\/a><\/div>\n<\/div><\/div>\n<\/div><\/div><\/div>\n<\/div><\/div>\n\n\n\n<div class=\"wp-block-stackable-columns stk-block-columns stk-block stk-1521ddb\" data-block-id=\"1521ddb\"><style>.stk-1521ddb .stk--block-align-1521ddb{align-items:center !important;}<\/style><div class=\"stk-row stk-inner-blocks stk--block-align-1521ddb stk-block-content stk-content-align stk-1521ddb-column\">\n<div class=\"wp-block-stackable-column stk-block-column stk-column stk-block stk-3d6a379\" data-v=\"4\" data-block-id=\"3d6a379\"><style>.stk-3d6a379-inner-blocks{row-gap:var(--stk--preset--spacing--none, 0px) !important;}.stk-3d6a379 {margin-right:var(--stk--preset--spacing--80, 5.06rem) !important;margin-bottom:var(--stk--preset--spacing--none, 0px) !important;margin-left:var(--stk--preset--spacing--80, 5.06rem) !important;}@media screen and (min-width:690px){.stk-3d6a379 {flex:var(--stk-flex-grow, 1) 1 calc(45% - var(--stk-column-gap, 0px) * 1 \/ 2 ) !important;}}<\/style><div class=\"stk-column-wrapper stk-block-column__content stk-container stk-3d6a379-container stk--no-background stk--no-padding\"><div class=\"stk-block-content stk-inner-blocks stk-3d6a379-inner-blocks\">\n<div class=\"wp-block-stackable-heading stk-block-heading stk-block-heading--v2 stk-block stk-0b62964\" id=\"ankerdocumentatie\" data-block-id=\"0b62964\"><h2 class=\"stk-block-heading__text\">Ankerdokumentation<\/h2><\/div>\n\n\n\n<div class=\"wp-block-stackable-text stk-block-text stk-block stk-74b1602\" data-block-id=\"74b1602\"><p class=\"stk-block-text__text\">Onder <strong>Technische Dokumentation<\/strong> finden Sie ausf\u00fchrliche Dokumentation zur Berechnung und Dokumentation von Schwerlastverankerungen mit B+BTec Glaskapselankern oder Injektionssystemen. W\u00e4hlen Sie aus ETAGs, technischen Datenbl\u00e4ttern und verschiedenen Pr\u00fcfberichten.<\/p><\/div>\n<\/div><\/div><\/div>\n\n\n\n<div class=\"wp-block-stackable-column stk-block-column stk-column stk-block stk-8a129f8\" data-v=\"4\" data-block-id=\"8a129f8\"><style>@media screen and (min-width:690px){.stk-8a129f8 {flex:var(--stk-flex-grow, 1) 1 calc(55% - var(--stk-column-gap, 0px) * 1 \/ 2 ) !important;}}<\/style><div class=\"stk-column-wrapper stk-block-column__content stk-container stk-8a129f8-container stk--no-background stk--no-padding\"><div class=\"stk-block-content stk-inner-blocks stk-8a129f8-inner-blocks\">\n<div class=\"wp-block-stackable-image stk-block-image stk-block stk-f3f2ce9\" data-block-id=\"f3f2ce9\"><style>.stk-f3f2ce9 .stk-img-wrapper{width:500px !important;}.stk-f3f2ce9 .stk-img-wrapper img{border-radius:var(--stk--preset--border-radius--medium, 8px) !important;}<\/style><figure><span class=\"stk-img-wrapper stk-image--shape-stretch\"><img decoding=\"async\" class=\"stk-img wp-image-6729\" src=\"https:\/\/bbtectools.com\/wp-content\/uploads\/2026\/02\/ankerdocumentatie.jpg\" width=\"500\" height=\"500\" srcset=\"https:\/\/bbtectools.com\/wp-content\/uploads\/2026\/02\/ankerdocumentatie.jpg 500w, https:\/\/bbtectools.com\/wp-content\/uploads\/2026\/02\/ankerdocumentatie-300x300.jpg 300w, https:\/\/bbtectools.com\/wp-content\/uploads\/2026\/02\/ankerdocumentatie-150x150.jpg 150w, https:\/\/bbtectools.com\/wp-content\/uploads\/2026\/02\/ankerdocumentatie-12x12.jpg 12w, https:\/\/bbtectools.com\/wp-content\/uploads\/2026\/02\/ankerdocumentatie-30x30.jpg 30w, https:\/\/bbtectools.com\/wp-content\/uploads\/2026\/02\/ankerdocumentatie-64x64.jpg 64w\" sizes=\"(max-width: 500px) 100vw, 500px\" \/><\/span><\/figure><\/div>\n<\/div><\/div><\/div>\n<\/div><\/div>\n\n\n\n<div class=\"wp-block-stackable-columns stk-block-columns stk-block stk-dd9db8b\" data-block-id=\"dd9db8b\"><style>.stk-dd9db8b .stk--block-align-dd9db8b{align-items:center !important;}<\/style><div class=\"stk-row stk-inner-blocks stk--block-align-dd9db8b stk-block-content stk-content-align stk-dd9db8b-column\">\n<div class=\"wp-block-stackable-column stk-block-column stk-column stk-block stk-82f25b6\" data-v=\"4\" data-block-id=\"82f25b6\"><style>@media screen and (min-width:690px){.stk-82f25b6 {flex:var(--stk-flex-grow, 1) 1 calc(55% - var(--stk-column-gap, 0px) * 1 \/ 2 ) !important;}}<\/style><div class=\"stk-column-wrapper stk-block-column__content stk-container stk-82f25b6-container stk--no-background stk--no-padding\"><div class=\"stk-block-content stk-inner-blocks stk-82f25b6-inner-blocks\">\n<div class=\"wp-block-stackable-image stk-block-image stk-block stk-749a4a4\" data-block-id=\"749a4a4\"><style>.stk-749a4a4 .stk-img-wrapper img{border-radius:var(--stk--preset--border-radius--medium, 8px) !important;}<\/style><figure><span class=\"stk-img-wrapper stk-image--shape-stretch\"><img decoding=\"async\" class=\"stk-img wp-image-6731\" src=\"https:\/\/bbtectools.com\/wp-content\/uploads\/2026\/02\/designfix-2.jpg\" width=\"1000\" height=\"1000\" srcset=\"https:\/\/bbtectools.com\/wp-content\/uploads\/2026\/02\/designfix-2.jpg 1000w, https:\/\/bbtectools.com\/wp-content\/uploads\/2026\/02\/designfix-2-300x300.jpg 300w, https:\/\/bbtectools.com\/wp-content\/uploads\/2026\/02\/designfix-2-150x150.jpg 150w, https:\/\/bbtectools.com\/wp-content\/uploads\/2026\/02\/designfix-2-768x768.jpg 768w, https:\/\/bbtectools.com\/wp-content\/uploads\/2026\/02\/designfix-2-12x12.jpg 12w, https:\/\/bbtectools.com\/wp-content\/uploads\/2026\/02\/designfix-2-500x500.jpg 500w, https:\/\/bbtectools.com\/wp-content\/uploads\/2026\/02\/designfix-2-600x600.jpg 600w, https:\/\/bbtectools.com\/wp-content\/uploads\/2026\/02\/designfix-2-30x30.jpg 30w, https:\/\/bbtectools.com\/wp-content\/uploads\/2026\/02\/designfix-2-64x64.jpg 64w\" sizes=\"(max-width: 1000px) 100vw, 1000px\" \/><\/span><\/figure><\/div>\n<\/div><\/div><\/div>\n\n\n\n<div class=\"wp-block-stackable-column stk-block-column stk-column stk-block stk-ed79eda\" data-v=\"4\" data-block-id=\"ed79eda\"><style>.stk-ed79eda-inner-blocks{row-gap:var(--stk--preset--spacing--none, 0px) !important;}.stk-ed79eda {margin-right:var(--stk--preset--spacing--80, 5.06rem) !important;margin-bottom:var(--stk--preset--spacing--none, 0px) !important;margin-left:var(--stk--preset--spacing--80, 5.06rem) !important;}@media screen and (min-width:690px){.stk-ed79eda {flex:var(--stk-flex-grow, 1) 1 calc(45% - var(--stk-column-gap, 0px) * 1 \/ 2 ) !important;}}<\/style><div class=\"stk-column-wrapper stk-block-column__content stk-container stk-ed79eda-container stk--no-background stk--no-padding\"><div class=\"stk-block-content stk-inner-blocks stk-ed79eda-inner-blocks\">\n<div class=\"wp-block-stackable-heading stk-block-heading stk-block-heading--v2 stk-block stk-6de023e\" id=\"design-fix-calculatie-software\" data-block-id=\"6de023e\"><h2 class=\"stk-block-heading__text\">DesignFix Kalkulationssoftware<\/h2><\/div>\n\n\n\n<div class=\"wp-block-stackable-text stk-block-text stk-block stk-0bc3399\" data-block-id=\"0bc3399\"><p class=\"stk-block-text__text\">Mit DesignFix bietet B+BTec dem Konstrukteur ein einfach zu bedienendes und kostenlos herunterladbares Werkzeug zur Berechnung von Schwerlastverankerungen und nachtr\u00e4glich eingeklebten Bewehrungsanschl\u00fcssen.<\/p><\/div>\n<\/div><\/div><\/div>\n<\/div><\/div>\n\n\n\n<div class=\"wp-block-stackable-columns stk-block-columns stk-block stk-08bc8c7\" data-block-id=\"08bc8c7\"><style>.stk-08bc8c7 .stk--block-align-08bc8c7{align-items:center !important;}<\/style><div class=\"stk-row stk-inner-blocks stk--block-align-08bc8c7 stk-block-content stk-content-align stk-08bc8c7-column\">\n<div class=\"wp-block-stackable-column stk-block-column stk-column stk-block stk-cc0be73\" data-v=\"4\" data-block-id=\"cc0be73\"><style>.stk-cc0be73-inner-blocks{row-gap:var(--stk--preset--spacing--none, 0px) !important;}.stk-cc0be73 {margin-right:var(--stk--preset--spacing--80, 5.06rem) !important;margin-bottom:var(--stk--preset--spacing--none, 0px) !important;margin-left:var(--stk--preset--spacing--80, 5.06rem) !important;}@media screen and (min-width:690px){.stk-cc0be73 {flex:var(--stk-flex-grow, 1) 1 calc(45% - var(--stk-column-gap, 0px) * 1 \/ 2 ) !important;}}<\/style><div class=\"stk-column-wrapper stk-block-column__content stk-container stk-cc0be73-container stk--no-background stk--no-padding\"><div class=\"stk-block-content stk-inner-blocks stk-cc0be73-inner-blocks\">\n<div class=\"wp-block-stackable-heading stk-block-heading stk-block-heading--v2 stk-block stk-caf9389\" id=\"calculatieservice\" data-block-id=\"caf9389\"><h2 class=\"stk-block-heading__text\">Kalkulationsservice<\/h2><\/div>\n\n\n\n<div class=\"wp-block-stackable-text stk-block-text stk-block stk-6a19f5d\" data-block-id=\"6a19f5d\"><p class=\"stk-block-text__text\">Sie k\u00f6nnen die Berechnung Ihrer Verankerung auch an B+BTec auslagern. Basierend auf Ihren angegebenen Lasten und anderen relevanten Daten gibt B+BTec Empfehlungen f\u00fcr den zu verwendenden Anker Typ und die Dimensionierung.<\/p><\/div>\n<\/div><\/div><\/div>\n\n\n\n<div class=\"wp-block-stackable-column stk-block-column stk-column stk-block stk-627215c\" data-v=\"4\" data-block-id=\"627215c\"><style>@media screen and (min-width:690px){.stk-627215c {flex:var(--stk-flex-grow, 1) 1 calc(55% - var(--stk-column-gap, 0px) * 1 \/ 2 ) !important;}}<\/style><div class=\"stk-column-wrapper stk-block-column__content stk-container stk-627215c-container stk--no-background stk--no-padding\"><div class=\"stk-block-content stk-inner-blocks stk-627215c-inner-blocks\">\n<div class=\"wp-block-stackable-image stk-block-image stk-block stk-37e9f3f\" data-block-id=\"37e9f3f\"><style>.stk-37e9f3f .stk-img-wrapper{width:470px !important;}.stk-37e9f3f .stk-img-wrapper img{border-radius:var(--stk--preset--border-radius--medium, 8px) !important;}<\/style><figure><span class=\"stk-img-wrapper stk-image--shape-stretch\"><img decoding=\"async\" class=\"stk-img wp-image-6730\" src=\"https:\/\/bbtectools.com\/wp-content\/uploads\/2026\/02\/calculatieservice.jpg\" width=\"470\" height=\"400\" srcset=\"https:\/\/bbtectools.com\/wp-content\/uploads\/2026\/02\/calculatieservice.jpg 470w, https:\/\/bbtectools.com\/wp-content\/uploads\/2026\/02\/calculatieservice-300x255.jpg 300w, https:\/\/bbtectools.com\/wp-content\/uploads\/2026\/02\/calculatieservice-14x12.jpg 14w, https:\/\/bbtectools.com\/wp-content\/uploads\/2026\/02\/calculatieservice-64x54.jpg 64w\" sizes=\"(max-width: 470px) 100vw, 470px\" \/><\/span><\/figure><\/div>\n<\/div><\/div><\/div>\n<\/div><\/div>","protected":false},"excerpt":{"rendered":"<p>ANKERCALCULATIE CONSTRUCTIEVE VEILIGHEID VOOR AL UW BEVESTIGINGSPROJECTEN Constructieve veiligheid voor al uw bevestigingsprojecten. B+BTec biedt de constructeur diverse tools voor het berekenen van zwaarlastverankeringen en achteraf verlijmde stekeinden. Bel: 0168 \u2013 331 240 Doe een aanvraag Ankerdocumentatie Onder Technische documentatie vindt u uitgebreide documentatie voor het berekenen en documenteren van zwaarlastverankeringen met B+BTec glas capsule [&hellip;]<\/p>\n","protected":false},"author":1,"featured_media":0,"parent":5172,"menu_order":0,"comment_status":"closed","ping_status":"closed","template":"","meta":{"_acf_changed":false,"footnotes":""},"class_list":["post-6725","page","type-page","status-publish","hentry"],"blocksy_meta":{"has_hero_section":"disabled","styles_descriptor":{"styles":{"desktop":"","tablet":"","mobile":""},"google_fonts":[],"version":6}},"acf":[],"_links":{"self":[{"href":"https:\/\/bbtectools.com\/de\/wp-json\/wp\/v2\/pages\/6725","targetHints":{"allow":["GET"]}}],"collection":[{"href":"https:\/\/bbtectools.com\/de\/wp-json\/wp\/v2\/pages"}],"about":[{"href":"https:\/\/bbtectools.com\/de\/wp-json\/wp\/v2\/types\/page"}],"author":[{"embeddable":true,"href":"https:\/\/bbtectools.com\/de\/wp-json\/wp\/v2\/users\/1"}],"replies":[{"embeddable":true,"href":"https:\/\/bbtectools.com\/de\/wp-json\/wp\/v2\/comments?post=6725"}],"version-history":[{"count":0,"href":"https:\/\/bbtectools.com\/de\/wp-json\/wp\/v2\/pages\/6725\/revisions"}],"up":[{"embeddable":true,"href":"https:\/\/bbtectools.com\/de\/wp-json\/wp\/v2\/pages\/5172"}],"wp:attachment":[{"href":"https:\/\/bbtectools.com\/de\/wp-json\/wp\/v2\/media?parent=6725"}],"curies":[{"name":"wp","href":"https:\/\/api.w.org\/{rel}","templated":true}]}}