{"id":5176,"date":"2025-12-09T11:33:15","date_gmt":"2025-12-09T10:33:15","guid":{"rendered":"https:\/\/bbtectools.com\/nl\/?page_id=5176"},"modified":"2026-04-15T10:18:11","modified_gmt":"2026-04-15T08:18:11","slug":"anker-pruefservice","status":"publish","type":"page","link":"https:\/\/bbtectools.com\/de\/service\/anker-test-service\/","title":{"rendered":"Anker Test Service"},"content":{"rendered":"<div class=\"wp-block-stackable-columns alignfull stk-block-columns stk-block stk-d1967ad stk-block-background stk--has-background-overlay\" data-block-id=\"d1967ad\"><style>.stk-d1967ad {background-image:url(https:\/\/bbtectools.com\/wp-content\/uploads\/2026\/02\/testen_02.jpg) !important;background-position:center center !important;background-size:cover !important;min-height:var(--stk--preset--block-height--xx-large, 32rem) !important;align-items:center !important;display:flex !important;}.stk-d1967ad:before{background-color:#000000 !important;opacity:0.6 !important;}<\/style><div class=\"stk-row stk-inner-blocks stk-block-content stk-content-align stk-d1967ad-column alignfull\">\n<div class=\"wp-block-stackable-column stk-block-column stk-column stk-block stk-d344e79\" data-v=\"4\" data-block-id=\"d344e79\"><style>.stk-d344e79 {align-items:center !important;max-width:900px !important;min-width:auto !important;margin-right:auto !important;margin-left:auto !important;display:flex !important;}.stk-d344e79-container{max-width:100% !important;min-width:auto !important;}<\/style><div class=\"stk-column-wrapper stk-block-column__content stk-container stk-d344e79-container stk--no-background stk--no-padding\"><div class=\"stk-block-content stk-inner-blocks stk-d344e79-inner-blocks\">\n<div class=\"wp-block-stackable-heading stk-block-heading stk-block-heading--v2 stk-block stk-5932bff\" id=\"anker-test-service\" data-block-id=\"5932bff\"><style>.stk-5932bff {margin-bottom:0px !important;}.stk-5932bff .stk-block-heading__text{color:var(--theme-palette-color-5, #ffffff) !important;text-transform:uppercase !important;}@media screen and (max-width:689px){.stk-5932bff .stk-block-heading__text{font-size:var(--stk--preset--font-size--x-large, 50px) !important;}}<\/style><h1 class=\"stk-block-heading__text has-text-color has-text-align-center\">ANKER TEST DIENSTLEISTUNG<\/h1><\/div>\n\n\n\n<div class=\"wp-block-stackable-heading stk-block-heading stk-block-heading--v2 stk-block stk-d90ad0c\" id=\"veiligheid-eerst\" data-block-id=\"d90ad0c\"><style>.stk-d90ad0c .stk-block-heading__text{color:#ffffff !important;}<\/style><h2 class=\"stk-block-heading__text has-text-color has-text-align-center\">SICHERHEIT ZUERST<\/h2><\/div>\n\n\n\n<div class=\"wp-block-stackable-text stk-block-text stk-block stk-a35f08a\" data-block-id=\"a35f08a\"><style>.stk-a35f08a .stk-block-text__text{color:var(--theme-palette-color-5, #ffffff) !important;}<\/style><p class=\"stk-block-text__text has-text-color has-text-align-center\">Ankerpruefung auf der Baustelle oder im B+BTec Testlabor. Vollst\u00e4ndig dokumentiert.<\/p><\/div>\n\n\n\n<div class=\"wp-block-stackable-button-group stk-block-button-group stk-block stk-2aca1ea\" data-block-id=\"2aca1ea\"><style>.stk-2aca1ea .stk-inner-blocks{column-gap:15px !important;row-gap:15px !important;}<\/style><div class=\"stk-row stk-inner-blocks has-text-align-center stk-block-content stk-button-group\">\n<div class=\"wp-block-stackable-button stk-block-button stk-block stk-6bba629\" data-block-id=\"6bba629\"><style>.stk-6bba629 .stk-button{background:var(--theme-palette-color-1, #028BCB) !important;}.stk-6bba629 .stk-button__inner-text{color:var(--theme-palette-color-5, #ffffff) !important;}<\/style><a class=\"stk-link stk-button stk--hover-effect-darken\" href=\"\"><span class=\"has-text-color stk-button__inner-text\">Rufnummer: 0168 \u2013 331 240<\/span><\/a><\/div>\n\n\n\n<div class=\"wp-block-stackable-button stk-block-button is-style-ghost stk-block stk-adc8fe5\" data-block-id=\"adc8fe5\"><style>.stk-adc8fe5 .stk-button{background:transparent !important;}.stk-adc8fe5 .stk-button:hover:after{background:transparent !important;opacity:1 !important;}:where(.stk-hover-parent:hover,  .stk-hover-parent.stk--is-hovered) .stk-adc8fe5 .stk-button:after{background:transparent !important;opacity:1 !important;}.stk-adc8fe5 .stk-button:before{border-style:solid !important;border-color:var(--theme-palette-color-5, #ffffff) !important;}.stk-adc8fe5 .stk-button__inner-text{color:var(--theme-palette-color-5, #ffffff) !important;}<\/style><a class=\"stk-link stk-button stk--hover-effect-darken\" href=\"https:\/\/bbtectools.com\/de\/offerte-aanvragen\/?bbt_product_id=5670&amp;bbt_product_sku=3900612&amp;bbt_product_title=ankertestservice&amp;bbt_product_url=https:\/\/bbtectools.com\/nl\/service\/anker-test-service\/\"><span class=\"has-text-color stk-button__inner-text\">Stellen Sie einen Antrag<\/span><\/a><\/div>\n<\/div><\/div>\n<\/div><\/div><\/div>\n<\/div><\/div>\n\n\n\n<div class=\"wp-block-stackable-columns stk-block-columns stk-block stk-1521ddb\" data-block-id=\"1521ddb\"><style>.stk-1521ddb .stk--block-align-1521ddb{align-items:flex-start !important;}<\/style><div class=\"stk-row stk-inner-blocks stk--block-align-1521ddb stk-block-content stk-content-align stk-1521ddb-column\">\n<div class=\"wp-block-stackable-column stk-block-column stk-column stk-block stk-3d6a379\" data-v=\"4\" data-block-id=\"3d6a379\"><style>.stk-3d6a379-inner-blocks{row-gap:var(--stk--preset--spacing--none, 0px) !important;}.stk-3d6a379 {margin-right:var(--stk--preset--spacing--40, 1rem) !important;margin-bottom:var(--stk--preset--spacing--none, 0px) !important;margin-left:var(--stk--preset--spacing--40, 1rem) !important;}@media screen and (min-width:690px){.stk-3d6a379 {flex:var(--stk-flex-grow, 1) 1 calc(45% - var(--stk-column-gap, 0px) * 1 \/ 2 ) !important;}}<\/style><div class=\"stk-column-wrapper stk-block-column__content stk-container stk-3d6a379-container stk--no-background stk--no-padding\"><div class=\"stk-block-content stk-inner-blocks stk-3d6a379-inner-blocks\">\n<div class=\"wp-block-stackable-heading stk-block-heading stk-block-heading--v2 stk-block stk-0b62964\" id=\"zekerheid-over-installatie-en-prestaties\" data-block-id=\"0b62964\"><h2 class=\"stk-block-heading__text\">Sicherheit \u00fcber Installation und Leistungen<\/h2><\/div>\n\n\n\n<div class=\"wp-block-stackable-text stk-block-text stk-block stk-74b1602\" data-block-id=\"74b1602\"><p class=\"stk-block-text__text\">Bei B+BTec nehmen wir konstruktive Sicherheit ernst. Es ist wichtig, dass angebrachte Schwerlastankerl\u00f6sungen sicher und richtig installiert sind. Deshalb bieten wir die M\u00f6glichkeit zum Testen an. Dies tun wir nicht nur f\u00fcr die von uns produzierten und gelieferten Ankersysteme, sondern auch f\u00fcr Ankersysteme von Drittanbietern.<\/p><\/div>\n\n\n\n<p><strong>Zweifeln Sie, ob ein Anker richtig gesetzt ist, oder m\u00f6chten Sie sicher sein, dass der Anker richtig funktioniert? Wir pr\u00fcfen das gerne f\u00fcr Sie.<\/strong> <\/p>\n\n\n\n<div class=\"wp-block-stackable-image stk-block-image stk-block stk-0eb210d\" data-block-id=\"0eb210d\"><style>.stk-0eb210d .stk-img-wrapper{height:400px !important;}.stk-0eb210d .stk-img-wrapper img{border-radius:var(--stk--preset--border-radius--medium, 8px) !important;}<\/style><figure><span class=\"stk-img-wrapper stk-image--shape-stretch\"><img decoding=\"async\" class=\"stk-img wp-image-6741\" src=\"https:\/\/bbtectools.com\/wp-content\/uploads\/2026\/02\/testen_02.jpg\" width=\"2000\" height=\"600\" srcset=\"https:\/\/bbtectools.com\/wp-content\/uploads\/2026\/02\/testen_02.jpg 2000w, https:\/\/bbtectools.com\/wp-content\/uploads\/2026\/02\/testen_02-300x90.jpg 300w, https:\/\/bbtectools.com\/wp-content\/uploads\/2026\/02\/testen_02-1024x307.jpg 1024w, https:\/\/bbtectools.com\/wp-content\/uploads\/2026\/02\/testen_02-768x230.jpg 768w, https:\/\/bbtectools.com\/wp-content\/uploads\/2026\/02\/testen_02-1536x461.jpg 1536w, https:\/\/bbtectools.com\/wp-content\/uploads\/2026\/02\/testen_02-18x5.jpg 18w, https:\/\/bbtectools.com\/wp-content\/uploads\/2026\/02\/testen_02-600x180.jpg 600w, https:\/\/bbtectools.com\/wp-content\/uploads\/2026\/02\/testen_02-64x19.jpg 64w\" sizes=\"(max-width: 2000px) 100vw, 2000px\" \/><\/span><\/figure><\/div>\n<\/div><\/div><\/div>\n\n\n\n<div class=\"wp-block-stackable-column stk-block-column stk-column stk-block stk-8a129f8\" data-v=\"4\" data-block-id=\"8a129f8\"><style>@media screen and (min-width:690px){.stk-8a129f8 {flex:var(--stk-flex-grow, 1) 1 calc(55% - var(--stk-column-gap, 0px) * 1 \/ 2 ) !important;}}<\/style><div class=\"stk-column-wrapper stk-block-column__content stk-container stk-8a129f8-container stk--no-background stk--no-padding\"><div class=\"stk-block-content stk-inner-blocks stk-8a129f8-inner-blocks\">\n<div class=\"wp-block-stackable-heading stk-block-heading stk-block-heading--v2 stk-block stk-56b8818\" id=\"zelf-ankertests-uitvoeren\" data-block-id=\"56b8818\"><h2 class=\"stk-block-heading__text\">Selbst Ankertests durchf\u00fchren?<\/h2><\/div>\n\n\n\n<div class=\"wp-block-stackable-feature stk-block-feature stk-block stk-91a3327 stk-block-background is-style-default\" data-v=\"2\" data-block-id=\"91a3327\"><style>.stk-91a3327 {--stk-feature-flex-wrap:nowrap !important;background-color:var(--theme-palette-color-8, #f4f4f4) !important;}.stk-91a3327:before{background-color:var(--theme-palette-color-8, #f4f4f4) !important;}<\/style><div class=\"stk-content-align stk-91a3327-column stk-container stk-91a3327-container stk--no-background stk--no-padding\"><div class=\"stk-inner-blocks stk-block-content stk-row\">\n<div class=\"wp-block-stackable-column stk-block-column stk-column stk-block stk-b80693a\" data-v=\"4\" data-block-id=\"b80693a\"><style>.stk-b80693a {align-self:center !important;}<\/style><div class=\"stk-column-wrapper stk-block-column__content stk-container stk-b80693a-container stk--no-background stk--no-padding\"><div class=\"stk-block-content stk-inner-blocks stk-b80693a-inner-blocks\">\n<div class=\"wp-block-stackable-heading stk-block-heading stk-block-heading--v2 stk-block stk-2c36c1a\" id=\"digitaal-anker-test-apparaat\" data-block-id=\"2c36c1a\"><h2 class=\"stk-block-heading__text\">Digitales Anker-Testger\u00e4t<\/h2><\/div>\n\n\n\n<div class=\"wp-block-stackable-text stk-block-text stk-block stk-fdddef0\" data-block-id=\"fdddef0\"><p class=\"stk-block-text__text\">Mit dem 60kN Digitalen Ankerpr\u00fcfger\u00e4t ist das pr\u00e4zise Pr\u00fcfen von Ankern eine einfache Aufgabe. Das Pr\u00fcfger\u00e4t ist sehr leicht und l\u00e4sst sich daher auch in horizontaler Position leicht verwenden. Dank der intuitiven App sehr einfach zu bedienen, mit Berichterstattung einschlie\u00dflich Foto- und Videomaterial.&nbsp;<\/p><\/div>\n\n\n\n<div class=\"wp-block-stackable-button-group stk-block-button-group stk-block stk-f033a35\" data-block-id=\"f033a35\"><div class=\"stk-row stk-inner-blocks stk-block-content stk-button-group\">\n<div class=\"wp-block-stackable-button stk-block-button stk-block stk-09b6220\" data-block-id=\"09b6220\"><a class=\"stk-link stk-button stk--hover-effect-darken\" href=\"https:\/\/bbtectools.com\/de\/p\/60-kn-digitale-zugpruefanlage\/\"><span class=\"stk-button__inner-text\">Produkt ansehen<\/span><\/a><\/div>\n<\/div><\/div>\n<\/div><\/div><\/div>\n\n\n\n<div class=\"wp-block-stackable-column stk-block-column stk-column stk-block stk-9428c85\" data-v=\"4\" data-block-id=\"9428c85\"><style>.stk-9428c85 {align-self:center !important;}<\/style><div class=\"stk-column-wrapper stk-block-column__content stk-container stk-9428c85-container stk--no-background stk--no-padding\"><div class=\"stk-block-content stk-inner-blocks stk-9428c85-inner-blocks\">\n<div class=\"wp-block-stackable-image stk-block-image stk-block stk-abdd157\" data-block-id=\"abdd157\"><figure><span class=\"stk-img-wrapper stk-image--shape-stretch\"><img decoding=\"async\" class=\"stk-img wp-image-5671\" src=\"https:\/\/bbtectools.com\/wp-content\/uploads\/2026\/01\/2100136_01.jpg\" width=\"834\" height=\"834\" srcset=\"https:\/\/bbtectools.com\/wp-content\/uploads\/2026\/01\/2100136_01.jpg 834w, https:\/\/bbtectools.com\/wp-content\/uploads\/2026\/01\/2100136_01-300x300.jpg 300w, https:\/\/bbtectools.com\/wp-content\/uploads\/2026\/01\/2100136_01-150x150.jpg 150w, https:\/\/bbtectools.com\/wp-content\/uploads\/2026\/01\/2100136_01-768x768.jpg 768w, https:\/\/bbtectools.com\/wp-content\/uploads\/2026\/01\/2100136_01-12x12.jpg 12w, https:\/\/bbtectools.com\/wp-content\/uploads\/2026\/01\/2100136_01-500x500.jpg 500w, https:\/\/bbtectools.com\/wp-content\/uploads\/2026\/01\/2100136_01-600x600.jpg 600w, https:\/\/bbtectools.com\/wp-content\/uploads\/2026\/01\/2100136_01-30x30.jpg 30w\" sizes=\"(max-width: 834px) 100vw, 834px\" \/><\/span><\/figure><\/div>\n<\/div><\/div><\/div>\n<\/div><\/div><\/div>\n<\/div><\/div><\/div>\n<\/div><\/div>\n\n\n\n<div class=\"wp-block-stackable-columns stk-block-columns stk-block stk-c93fd82 stk-block-background\" data-block-id=\"c93fd82\"><style>.stk-c93fd82 .stk--block-align-c93fd82{align-items:flex-start !important;}.stk-c93fd82 {background-color:var(--theme-palette-color-8, #f4f4f4) !important;}.stk-c93fd82:before{background-color:var(--theme-palette-color-8, #f4f4f4) !important;}<\/style><div class=\"stk-row stk-inner-blocks stk--block-align-c93fd82 stk-block-content stk-content-align stk-c93fd82-column\">\n<div class=\"wp-block-stackable-column stk-block-column stk-column stk-block stk-e4c2af8\" data-v=\"4\" data-block-id=\"e4c2af8\"><style>.stk-e4c2af8-inner-blocks{row-gap:var(--stk--preset--spacing--none, 0px) !important;}.stk-e4c2af8 {margin-right:var(--stk--preset--spacing--40, 1rem) !important;margin-bottom:var(--stk--preset--spacing--none, 0px) !important;margin-left:var(--stk--preset--spacing--40, 1rem) !important;}@media screen and (min-width:690px){.stk-e4c2af8 {flex:var(--stk-flex-grow, 1) 1 calc(45% - var(--stk-column-gap, 0px) * 1 \/ 2 ) !important;}}<\/style><div class=\"stk-column-wrapper stk-block-column__content stk-container stk-e4c2af8-container stk--no-background stk--no-padding\"><div class=\"stk-block-content stk-inner-blocks stk-e4c2af8-inner-blocks\">\n<div class=\"wp-block-stackable-heading stk-block-heading stk-block-heading--v2 stk-block stk-95e29c6\" id=\"testproces\" data-block-id=\"95e29c6\"><h2 class=\"stk-block-heading__text\">Testprozess<\/h2><\/div>\n\n\n\n<ul class=\"wp-block-list\">\n<li>Wir k\u00f6nnen auf Anfrage Tests vor Ort durchf\u00fchren. <\/li>\n\n\n\n<li>In Absprache mit dem Auftraggeber und\/oder Konstrukteur werden Pr\u00fcflasten, zu pr\u00fcfende Anzahlen und Pr\u00fcfmethoden bestimmt.<\/li>\n\n\n\n<li>Alle Ergebnisse werden von uns in einem Bericht festgehalten.<\/li>\n<\/ul>\n<\/div><\/div><\/div>\n\n\n\n<div class=\"wp-block-stackable-column stk-block-column stk-column stk-block stk-f19db2e\" data-v=\"4\" data-block-id=\"f19db2e\"><style>@media screen and (min-width:690px){.stk-f19db2e {flex:var(--stk-flex-grow, 1) 1 calc(55% - var(--stk-column-gap, 0px) * 1 \/ 2 ) !important;}}<\/style><div class=\"stk-column-wrapper stk-block-column__content stk-container stk-f19db2e-container stk--no-background stk--no-padding\"><div class=\"stk-block-content stk-inner-blocks stk-f19db2e-inner-blocks\">\n<div class=\"wp-block-stackable-heading stk-block-heading stk-block-heading--v2 stk-block stk-981fbbf\" id=\"strong-interesse-in-het-testen-van-uw-installatie-strong\" data-block-id=\"981fbbf\"><h2 class=\"stk-block-heading__text\"><strong>Interesse an der Pr\u00fcfung Ihrer Installation?<\/strong><\/h2><\/div>\n\n\n\n<p>Frage <a href=\"https:\/\/bbtectools.com\/de\/offerte-aanvragen\/\" data-type=\"page\" data-id=\"5736\">hier<\/a> einfach ein Angebot an unseren Experten. Wir werden Ihre Anfrage bearbeiten und innerhalb weniger Tage mit einem klaren Preisangebot antworten.<\/p>\n<\/div><\/div><\/div>\n<\/div><\/div>\n\n\n\n<div class=\"wp-block-stackable-columns stk-block-columns stk-block stk-712ab81\" data-block-id=\"712ab81\"><style>.stk-712ab81 .stk--block-align-712ab81{align-items:center !important;}<\/style><div class=\"stk-row stk-inner-blocks stk--block-align-712ab81 stk-block-content stk-content-align stk-712ab81-column\">\n<div class=\"wp-block-stackable-column stk-block-column stk-column stk-block stk-1a90e8f\" data-v=\"4\" data-block-id=\"1a90e8f\"><style>.stk-1a90e8f-inner-blocks{row-gap:var(--stk--preset--spacing--none, 0px) !important;}.stk-1a90e8f {margin-right:var(--stk--preset--spacing--40, 1rem) !important;margin-bottom:var(--stk--preset--spacing--none, 0px) !important;margin-left:var(--stk--preset--spacing--40, 1rem) !important;}@media screen and (min-width:690px){.stk-1a90e8f {flex:var(--stk-flex-grow, 1) 1 calc(45% - var(--stk-column-gap, 0px) * 1 \/ 2 ) !important;}}<\/style><div class=\"stk-column-wrapper stk-block-column__content stk-container stk-1a90e8f-container stk--no-background stk--no-padding\"><div class=\"stk-block-content stk-inner-blocks stk-1a90e8f-inner-blocks\">\n<div class=\"wp-block-stackable-heading stk-block-heading stk-block-heading--v2 stk-block stk-3004483\" id=\"testlab\" data-block-id=\"3004483\"><h2 class=\"stk-block-heading__text\">Testlabor <\/h2><\/div>\n\n\n\n<div class=\"wp-block-stackable-text stk-block-text stk-block stk-2c42875\" data-block-id=\"2c42875\"><p class=\"stk-block-text__text\">B+BTec bietet auch die M\u00f6glichkeit, Anker in unserem Pr\u00fcflabor in Zevenbergen zu testen. Wenn Sie bei der Anwendung der gew\u00e4hlten Befestigungsmethode zu 100 % sicher sein m\u00f6chten, dass diese den gestellten Anforderungen entspricht, k\u00f6nnen Sie sie von B+BTec unter simulierten Bedingungen pr\u00fcfen lassen.<\/p><\/div>\n<\/div><\/div><\/div>\n\n\n\n<div class=\"wp-block-stackable-column stk-block-column stk-column stk-block stk-39fca9f\" data-v=\"4\" data-block-id=\"39fca9f\"><style>@media screen and (min-width:690px){.stk-39fca9f {flex:var(--stk-flex-grow, 1) 1 calc(55% - var(--stk-column-gap, 0px) * 1 \/ 2 ) !important;}}<\/style><div class=\"stk-column-wrapper stk-block-column__content stk-container stk-39fca9f-container stk--no-background stk--no-padding\"><div class=\"stk-block-content stk-inner-blocks stk-39fca9f-inner-blocks\">\n<div class=\"wp-block-stackable-image stk-block-image stk-block stk-e51500f\" data-block-id=\"e51500f\"><style>.stk-e51500f .stk-img-wrapper img{border-radius:var(--stk--preset--border-radius--medium, 8px) !important;}<\/style><figure><span class=\"stk-img-wrapper stk-image--shape-stretch\"><img decoding=\"async\" class=\"stk-img wp-image-6742\" src=\"https:\/\/bbtectools.com\/wp-content\/uploads\/2026\/02\/testen_04.png\" width=\"1000\" height=\"400\" srcset=\"https:\/\/bbtectools.com\/wp-content\/uploads\/2026\/02\/testen_04.png 1000w, https:\/\/bbtectools.com\/wp-content\/uploads\/2026\/02\/testen_04-300x120.png 300w, https:\/\/bbtectools.com\/wp-content\/uploads\/2026\/02\/testen_04-768x307.png 768w, https:\/\/bbtectools.com\/wp-content\/uploads\/2026\/02\/testen_04-18x7.png 18w, https:\/\/bbtectools.com\/wp-content\/uploads\/2026\/02\/testen_04-600x240.png 600w, https:\/\/bbtectools.com\/wp-content\/uploads\/2026\/02\/testen_04-64x26.png 64w\" sizes=\"(max-width: 1000px) 100vw, 1000px\" \/><\/span><\/figure><\/div>\n<\/div><\/div><\/div>\n<\/div><\/div>\n\n\n\n<p><\/p>","protected":false},"excerpt":{"rendered":"<p>ANKER TEST SERVICE VEILIGHEID EERST Ankertesten op de bouwplaats of in het B+BTec testlab. Compleet gedocumenteerd. Bel: 0168 \u2013 331 240 Doe een aanvraag Zekerheid over installatie en prestaties Bij B+BTec nemen wij constructieve veiligheid serieus. Het is belangrijk dat aangebrachte zwaarlastankeroplossingen veilig en juist zijn ge\u00efnstalleerd. Daarom bieden wij de mogelijkheid tot testen. Dit [&hellip;]<\/p>\n","protected":false},"author":1,"featured_media":0,"parent":5172,"menu_order":0,"comment_status":"closed","ping_status":"closed","template":"","meta":{"_acf_changed":false,"footnotes":""},"class_list":["post-5176","page","type-page","status-publish","hentry"],"blocksy_meta":{"has_hero_section":"disabled","styles_descriptor":{"styles":{"desktop":"","tablet":"","mobile":""},"google_fonts":[],"version":6}},"acf":[],"_links":{"self":[{"href":"https:\/\/bbtectools.com\/de\/wp-json\/wp\/v2\/pages\/5176","targetHints":{"allow":["GET"]}}],"collection":[{"href":"https:\/\/bbtectools.com\/de\/wp-json\/wp\/v2\/pages"}],"about":[{"href":"https:\/\/bbtectools.com\/de\/wp-json\/wp\/v2\/types\/page"}],"author":[{"embeddable":true,"href":"https:\/\/bbtectools.com\/de\/wp-json\/wp\/v2\/users\/1"}],"replies":[{"embeddable":true,"href":"https:\/\/bbtectools.com\/de\/wp-json\/wp\/v2\/comments?post=5176"}],"version-history":[{"count":0,"href":"https:\/\/bbtectools.com\/de\/wp-json\/wp\/v2\/pages\/5176\/revisions"}],"up":[{"embeddable":true,"href":"https:\/\/bbtectools.com\/de\/wp-json\/wp\/v2\/pages\/5172"}],"wp:attachment":[{"href":"https:\/\/bbtectools.com\/de\/wp-json\/wp\/v2\/media?parent=5176"}],"curies":[{"name":"wp","href":"https:\/\/api.w.org\/{rel}","templated":true}]}}